{"id":150,"date":"2013-07-26T13:04:43","date_gmt":"2013-07-26T11:04:43","guid":{"rendered":"http:\/\/ssp.amu.edu.pl\/?page_id=150"},"modified":"2013-07-26T13:04:43","modified_gmt":"2013-07-26T11:04:43","slug":"nr-32010","status":"publish","type":"page","link":"http:\/\/ssp.amu.edu.pl\/en\/archive\/nr-32010\/","title":{"rendered":"Vol. 3\/2010"},"content":{"rendered":"<p><\/p>\n<h3>Articles<\/h3>\n<p><strong>Karol B. Janowski<br \/>\n<\/strong><a href=\"http:\/\/wnpid.amu.edu.pl\/images\/stories\/ssp\/ssp_2010_3\/005-026.pdf\">Polska wobec kulturowych dylemat\u00f3w i wyzwa\u0144 \u201eeuropejsko\u015bci\u201d <\/a><strong><\/p>\n<p>Anna Potyra\u0142a<br \/>\n<\/strong><a href=\"http:\/\/wnpid.amu.edu.pl\/images\/stories\/ssp\/ssp_2010_3\/027-046.pdf\">Niepodleg\u0142o\u015b\u0107 Kosowa w \u015bwietle opinii doradczej Mi\u0119dzynarodowego Trybuna\u0142u Sprawiedliwo\u015bci <\/a><strong><\/p>\n<p>Ella Zadoro\u017cniuk<br \/>\n<\/strong><a href=\"http:\/\/wnpid.amu.edu.pl\/images\/stories\/ssp\/ssp_2010_3\/047-078.pdf\">\u0414\u0438\u0441\u0441\u0438\u0434\u0435\u043d\u0442\u0441\u043a\u043e\u0435 \u0434\u0432\u0438\u0436\u0435\u043d\u0438\u0435 \u0432 \u0426\u0435\u0445\u043e\u0441\u043b\u043e\u0432\u0430\u043a\u0438\u0438: \u041a\u043b\u0465\u0446\u0435\u0432\u0430\u044f \u0438\u0434\u0435\u044f \u0438 \u0444\u043e\u0440\u043c\u044b \u0440ea\u043b\u0438\u044da\u0446\u0438\u0438<\/a><strong><\/p>\n<p>Remigiusz Rosicki<br \/>\n<\/strong><a href=\"http:\/\/wnpid.amu.edu.pl\/images\/stories\/ssp\/ssp_2010_3\/079-104.pdf\">Og\u00f3lna charakterystyka mi\u0119dzynarodowego prawa ochrony \u015brodowiska<\/a><strong><\/p>\n<p>Wojciech Cisak<br \/>\n<\/strong><a href=\"http:\/\/wnpid.amu.edu.pl\/images\/stories\/ssp\/ssp_2010_3\/105-112.pdf\">Emocjonalne i racjonalne aspekty ukrai\u0144skich tendencji eurointegracji <\/a><strong><\/p>\n<p>Tomasz Czubara<br \/>\n<\/strong><a href=\"http:\/\/wnpid.amu.edu.pl\/images\/stories\/ssp\/ssp_2010_3\/113-142.pdf\">Proces konstytucyjny na Ukrainie w latach 1990-2006 <\/a><strong><\/p>\n<p>Olena Lugina<br \/>\n<\/strong><a href=\"http:\/\/wnpid.amu.edu.pl\/images\/stories\/ssp\/ssp_2010_3\/143-160.pdf\">Reakcja Unii Europejskiej na wybory prezydenta Ukrainy w 2010 r.<\/a><strong><\/p>\n<p>Marina Drako, Wiktor Razmus, Natalia Martyniuk<br \/>\n<\/strong><a href=\"http:\/\/wnpid.amu.edu.pl\/images\/stories\/ssp\/ssp_2010_3\/161-182.pdf\">Skutki \u201epomara\u0144czowej rewolucji\u201d na Ukrainie i ich znaczenie w wyborach prezydenckich 2010 roku<\/a><strong><\/p>\n<p>Wiktor Owsiak, Olha Prokopiv<br \/>\n<\/strong><a href=\"http:\/\/wnpid.amu.edu.pl\/images\/stories\/ssp\/ssp_2010_3\/183-200.pdf\">Wybrane aspekty ustrojowe samorz\u0105du terytorialnego na Ukrainie i w Polsce <\/a><strong><\/p>\n<p>Swiet\u0142ana Sydun<br \/>\n<\/strong><a href=\"http:\/\/wnpid.amu.edu.pl\/images\/stories\/ssp\/ssp_2010_3\/201-216.pdf\">Ewolucja stosunk\u00f3w pomi\u0119dzy Ukrain\u0105 i UE<\/a><strong><\/p>\n<p><a href=\"http:\/\/wnpid.amu.edu.pl\/images\/stories\/ssp\/ssp_2010_3\/217-231.pdf\">Book reviews<\/a><br \/>\n<\/strong><\/p>\n<ul>\n<li>Arkadiusz Modrzejewski, <em>Uniwersalistyczna wizja \u0142adu \u015bwiatowego w personalistycznej optyce Karola Wojty\u0142y \u2013 Jana Paw\u0142a II<\/em> (Wojciech Wr\u00f3blewski)<\/li>\n<li>\u0414\u043c\u0438\u0442\u0440\u0438\u0439 \u0424\u0443\u0440\u043c\u0430\u043d, <em>\u0414\u0432\u0438\u0436\u0435\u043d\u0438\u0435 \u043f\u043e \u0441\u043f\u0438\u0440\u0430\u043b\u0438. \u041f\u043e\u043b\u0438\u0442\u0438\u0447\u0435\u0441\u043a\u0430\u044f \u0441\u0438\u0441\u0442\u0435\u043c\u0430 \u0420\u043e\u0441\u0441\u0438\u0438 \u0432 \u0440\u044f\u0434\u0443 \u0434\u0440\u0443\u0433\u0438\u0445 \u0441\u0438\u0441\u0442\u0435\u043c. \u0418\u0437\u0434\u0430\u0442\u0435\u043b\u044a\u0441\u0442\u0432\u043e \u201e\u0412\u0435\u0441\u044a \u041c\u0438\u0440\u201d<\/em> (\u0141ukasz Donaj)<\/li>\n<li>P. Os\u0119ka, <em>Mydlenie oczu. Przypadki propagandy w Polsce<\/em> (Joanna Ka\u0142u\u017cna)<\/li>\n<\/ul>\n<p><\/p>","protected":false},"excerpt":{"rendered":"<p>Articles Karol B. Janowski Polska wobec kulturowych dylemat\u00f3w i wyzwa\u0144 \u201eeuropejsko\u015bci\u201d Anna Potyra\u0142a Niepodleg\u0142o\u015b\u0107 Kosowa w \u015bwietle opinii doradczej Mi\u0119dzynarodowego Trybuna\u0142u Sprawiedliwo\u015bci Ella Zadoro\u017cniuk \u0414\u0438\u0441\u0441\u0438\u0434\u0435\u043d\u0442\u0441\u043a\u043e\u0435 \u0434\u0432\u0438\u0436\u0435\u043d\u0438\u0435 \u0432 \u0426\u0435\u0445\u043e\u0441\u043b\u043e\u0432\u0430\u043a\u0438\u0438: \u041a\u043b\u0465\u0446\u0435\u0432\u0430\u044f \u0438\u0434\u0435\u044f \u0438 \u0444\u043e\u0440\u043c\u044b \u0440ea\u043b\u0438\u044da\u0446\u0438\u0438 Remigiusz Rosicki Og\u00f3lna charakterystyka mi\u0119dzynarodowego prawa ochrony \u015brodowiska Wojciech Cisak Emocjonalne i racjonalne aspekty ukrai\u0144skich tendencji eurointegracji Tomasz Czubara Proces konstytucyjny na [&hellip;]<\/p>\n","protected":false},"author":1,"featured_media":0,"parent":32,"menu_order":0,"comment_status":"closed","ping_status":"open","template":"","meta":{"footnotes":""},"class_list":["post-150","page","type-page","status-publish","hentry"],"_links":{"self":[{"href":"http:\/\/ssp.amu.edu.pl\/en\/wp-json\/wp\/v2\/pages\/150","targetHints":{"allow":["GET"]}}],"collection":[{"href":"http:\/\/ssp.amu.edu.pl\/en\/wp-json\/wp\/v2\/pages"}],"about":[{"href":"http:\/\/ssp.amu.edu.pl\/en\/wp-json\/wp\/v2\/types\/page"}],"author":[{"embeddable":true,"href":"http:\/\/ssp.amu.edu.pl\/en\/wp-json\/wp\/v2\/users\/1"}],"replies":[{"embeddable":true,"href":"http:\/\/ssp.amu.edu.pl\/en\/wp-json\/wp\/v2\/comments?post=150"}],"version-history":[{"count":0,"href":"http:\/\/ssp.amu.edu.pl\/en\/wp-json\/wp\/v2\/pages\/150\/revisions"}],"up":[{"embeddable":true,"href":"http:\/\/ssp.amu.edu.pl\/en\/wp-json\/wp\/v2\/pages\/32"}],"wp:attachment":[{"href":"http:\/\/ssp.amu.edu.pl\/en\/wp-json\/wp\/v2\/media?parent=150"}],"curies":[{"name":"wp","href":"https:\/\/api.w.org\/{rel}","templated":true}]}}