{"id":15,"date":"2013-06-11T10:50:43","date_gmt":"2013-06-11T08:50:43","guid":{"rendered":"http:\/\/wnpid.amu.edu.pl\/~ssp\/?page_id=15"},"modified":"2022-10-18T22:54:47","modified_gmt":"2022-10-18T20:54:47","slug":"editorial-board","status":"publish","type":"page","link":"http:\/\/ssp.amu.edu.pl\/en\/editorial-board\/","title":{"rendered":"Editorial Board"},"content":{"rendered":"<p><strong>Editor-in-Chief<\/strong><br \/>\n<a href=\"http:\/\/ssp.amu.edu.pl\/wp-content\/uploads\/2020\/12\/bio_stelmach_en.pdf\">Andrzej Stelmach, Adam Mickiewicz University in Pozna\u0144 <\/a><\/p>\n<p><strong>Assistant Editor-in-Chief<\/strong><br \/>\n<a href=\"http:\/\/ssp.amu.edu.pl\/wp-content\/uploads\/2020\/12\/bio_ossowski_en.pdf\">Szymon Ossowski, Adam Mickiewicz University in Pozna\u0144 <\/a><\/p>\n<p><strong>Secretary of the Editorial Board<\/strong><br \/>\n<a href=\"http:\/\/ssp.amu.edu.pl\/wp-content\/uploads\/2020\/12\/bio_lukaszewski_en.pdf\">Marcin \u0141ukaszewski, Adam Mickiewicz University in Pozna\u0144 <\/a><\/p>\n<p><strong>Assistant Secretary of the Editorial Board<\/strong><br \/>\n<a href=\"http:\/\/ssp.amu.edu.pl\/wp-content\/uploads\/2020\/12\/bio_wasicka_en.pdf\">Maria W\u0105sicka, Adam Mickiewicz University in Pozna\u0144 <\/a><\/p>\n<p><strong>Members of the Editorial Board<\/strong><br \/>\n<a href=\"http:\/\/ssp.amu.edu.pl\/wp-content\/uploads\/2020\/12\/bio_jelinski_en.pdf\">Edward Jeli\u0144ski, Adam Mickiewicz University in Pozna\u0144 <\/a>,<br \/>\n<a href=\"http:\/\/ssp.amu.edu.pl\/wp-content\/uploads\/2020\/12\/bio_stepinska_en.pdf\">Agnieszka St\u0119pi\u0144ska, Adam Mickiewicz University in Pozna\u0144 <\/a>,<br \/>\n<a href=\"http:\/\/ssp.amu.edu.pl\/wp-content\/uploads\/2020\/12\/bio_zyromski_en.pdf\">Marek \u017byromski, Adam Mickiewicz University in Pozna\u0144 <\/a><\/p>\n<p><strong>Language Editors<\/strong><br \/>\nAgnieszka Mielczarek (Polish)<br \/>\nThomas Mehlhausen (German)<br \/>\nMalcolm Czopinski (English)<\/p>\n<p><strong>Thematic Editors<\/strong><br \/>\nJanusz Adamowski (media systems), University of Warsaw<br \/>\nRoman B\u00e4cker (language of politics), Nicolaus Copernicus University in Toru\u0144<br \/>\nMaria Marczewska-Rytko (local government), Maria Curie-Sk\u0142odowska University<br \/>\nGrzegorz Piwnicki (national security), University of Gda\u0144sk<br \/>\nRyszard Paradowski (philosophy of politics), Adam Mickiewicz University in Pozna\u0144<br \/>\nJ\u0119drzej Skrzypczak (journalism and social communication), Adam Mickiewicz University in Pozna\u0144<br \/>\nJacek Sobczak (political thought, philosophy of law), University of Economics and Human Sciences in Warsaw<br \/>\nAlicja St\u0119pie\u0144-Kuczy\u0144ska (international relations), University of \u0141\u00f3d\u017a<br \/>\nArkadiusz \u017bukowski (political culture), University of Warmia and Mazury in Olsztyn<\/p>","protected":false},"excerpt":{"rendered":"<p>Editor-in-Chief Andrzej Stelmach, Adam Mickiewicz University in Pozna\u0144 Assistant Editor-in-Chief Szymon Ossowski, Adam Mickiewicz University in Pozna\u0144 Secretary of the Editorial Board Marcin \u0141ukaszewski, Adam Mickiewicz University in Pozna\u0144 Assistant Secretary of the Editorial Board Maria W\u0105sicka, Adam Mickiewicz University in Pozna\u0144 Members of the Editorial Board Edward Jeli\u0144ski, Adam Mickiewicz University in Pozna\u0144 , [&hellip;]<\/p>\n","protected":false},"author":1,"featured_media":0,"parent":0,"menu_order":0,"comment_status":"closed","ping_status":"open","template":"","meta":{"footnotes":""},"class_list":["post-15","page","type-page","status-publish","hentry"],"_links":{"self":[{"href":"http:\/\/ssp.amu.edu.pl\/en\/wp-json\/wp\/v2\/pages\/15","targetHints":{"allow":["GET"]}}],"collection":[{"href":"http:\/\/ssp.amu.edu.pl\/en\/wp-json\/wp\/v2\/pages"}],"about":[{"href":"http:\/\/ssp.amu.edu.pl\/en\/wp-json\/wp\/v2\/types\/page"}],"author":[{"embeddable":true,"href":"http:\/\/ssp.amu.edu.pl\/en\/wp-json\/wp\/v2\/users\/1"}],"replies":[{"embeddable":true,"href":"http:\/\/ssp.amu.edu.pl\/en\/wp-json\/wp\/v2\/comments?post=15"}],"version-history":[{"count":24,"href":"http:\/\/ssp.amu.edu.pl\/en\/wp-json\/wp\/v2\/pages\/15\/revisions"}],"predecessor-version":[{"id":1319,"href":"http:\/\/ssp.amu.edu.pl\/en\/wp-json\/wp\/v2\/pages\/15\/revisions\/1319"}],"wp:attachment":[{"href":"http:\/\/ssp.amu.edu.pl\/en\/wp-json\/wp\/v2\/media?parent=15"}],"curies":[{"name":"wp","href":"https:\/\/api.w.org\/{rel}","templated":true}]}}