{"id":148,"date":"2013-07-26T13:03:50","date_gmt":"2013-07-26T11:03:50","guid":{"rendered":"http:\/\/ssp.amu.edu.pl\/?page_id=148"},"modified":"2013-07-26T13:03:50","modified_gmt":"2013-07-26T11:03:50","slug":"nr-42010","status":"publish","type":"page","link":"http:\/\/ssp.amu.edu.pl\/en\/archive\/nr-42010\/","title":{"rendered":"Vol. 4\/2010"},"content":{"rendered":"<p><\/p>\n<h3>Articles<\/h3>\n<p><strong>Cezary J\u00f3zef OLBROMSKI<br \/>\n<\/strong><a href=\"http:\/\/wnpid.amu.edu.pl\/images\/stories\/ssp\/ssp_2010_4\/005-024.pdf\">Homo figurativus versus homo politicus &#8211; rozwa\u017cania na temat kryzysu polityczno\u015bci<\/a><strong><\/strong><\/p>\n<p>Natalia KLEJDYSZ<br \/>\n<a href=\"http:\/\/wnpid.amu.edu.pl\/images\/stories\/ssp\/ssp_2010_4\/025-044.pdf\">Widmo liberalizmu <\/a><strong><\/strong><\/p>\n<p>Arkadiusz MODRZEJEWSKI<br \/>\n<a href=\"http:\/\/wnpid.amu.edu.pl\/images\/stories\/ssp\/ssp_2010_4\/045-060.pdf\">Ko\u015bci\u00f3\u0142 a polityka. Rozwa\u017cania wok\u00f3\u0142 aktywno\u015bci politycznej duchowie\u0144stwa rzymskokatolickiego podczas wybor\u00f3w prezydenckich 2010 roku\u00a0 <\/a><strong><\/strong><\/p>\n<p>\u0141ukasz DONAJ, Justyna CYWONIUK<br \/>\n<a href=\"http:\/\/wnpid.amu.edu.pl\/images\/stories\/ssp\/ssp_2010_4\/061-084.pdf\">Jan Pawe\u0142 II i Benedykt XVI a dialog katolicko \u2013 prawos\u0142awny. Przyczynek do dyskusji<\/a><strong><\/strong><\/p>\n<p>Ma\u0142gorzata WALLAS<br \/>\n<a href=\"http:\/\/wnpid.amu.edu.pl\/images\/stories\/ssp\/ssp_2010_4\/085-118.pdf\">L\u0119k akulturacyjny cudzoziemc\u00f3w w aspekcie to\u017csamo\u015bci i proces\u00f3w integracyjnych w nowym kraju pobytu<\/a><strong><\/strong><\/p>\n<p>Agnieszka BIELAWSKA<br \/>\n<a href=\"http:\/\/wnpid.amu.edu.pl\/images\/stories\/ssp\/ssp_2010_4\/119-150.pdf\">Stosunki polsko-niemieckie na tle budowy Gazoci\u0105gu P\u00f3\u0142nocnego (2005-2009) <\/a><strong><\/strong><\/p>\n<p>Anna CZARNECKA<br \/>\n<a href=\"http:\/\/wnpid.amu.edu.pl\/images\/stories\/ssp\/ssp_2010_4\/151-171.pdf\">Mechanizmy i metody politycznej walki niezbrojnej na straconych pozycjach \u2013 alternatywa prakseologiczna<\/a><strong><\/strong><\/p>\n<p>Marcin SKOBRTAL<br \/>\n<a href=\"http:\/\/wnpid.amu.edu.pl\/images\/stories\/ssp\/ssp_2010_4\/171-190.pdf\">Stosunki partii nacjonalistycznych Polski, Republiki Czeskiej, S\u0142owacji i W\u0119gier do integracji europejskiej <\/a><strong><\/strong><\/p>\n<p>Micha\u0142 URBAS<br \/>\n<a href=\"http:\/\/wnpid.amu.edu.pl\/images\/stories\/ssp\/ssp_2010_4\/191-228.pdf\">Rozpowszechnianie prasy lokalnej na przyk\u0142adzie powiatu polickiego w wojew\u00f3dztwie zachodniopomorskim <\/a><strong><br \/>\n<\/strong><strong><\/strong><\/p>\n<p><a href=\"http:\/\/wnpid.amu.edu.pl\/images\/stories\/ssp\/ssp_2010_4\/229-238.pdf\">Book reviews<\/a><\/p>\n<ul>\n<li>Bernard Lecomte, <em>Tajemnice Watykanu<\/em>, przek\u0142ad: Micha\u0142 Romanek (Justyna Cywoniuk)<\/li>\n<li>Klaudia Ka\u0142\u0105\u017cna, Remigiusz Rosicki, <em>Wymiary bezpiecze\u0144stwa energetycznego Unii Europejskiej<\/em> (Krzysztof Strzelczyk)<\/li>\n<li>Czterotomowa seria tekst\u00f3w Jacka Kuronia: <em>Autobiografia<\/em>;<em> Dojrzewanie<\/em>.<em> Pisma polityczne 1964-1968<\/em>, red. S. Liszka, M. Sutowski, <em>Opozycja. Pisma polityczne 1969-1989<\/em>, red., M. Sutowski, M. Kropiwnicki, S. Liszka; <em>Nadzieja i rozczarowanie. Pisma polityczne 1989-2004<\/em>, red., M. Boguta, M. Kropiwnicki, M. Sutowski, (Alina Kaszkur).<\/li>\n<\/ul>\n<p><\/p>","protected":false},"excerpt":{"rendered":"<p>Articles Cezary J\u00f3zef OLBROMSKI Homo figurativus versus homo politicus &#8211; rozwa\u017cania na temat kryzysu polityczno\u015bci Natalia KLEJDYSZ Widmo liberalizmu Arkadiusz MODRZEJEWSKI Ko\u015bci\u00f3\u0142 a polityka. Rozwa\u017cania wok\u00f3\u0142 aktywno\u015bci politycznej duchowie\u0144stwa rzymskokatolickiego podczas wybor\u00f3w prezydenckich 2010 roku\u00a0 \u0141ukasz DONAJ, Justyna CYWONIUK Jan Pawe\u0142 II i Benedykt XVI a dialog katolicko \u2013 prawos\u0142awny. Przyczynek do dyskusji Ma\u0142gorzata WALLAS [&hellip;]<\/p>\n","protected":false},"author":1,"featured_media":0,"parent":32,"menu_order":0,"comment_status":"closed","ping_status":"open","template":"","meta":{"footnotes":""},"class_list":["post-148","page","type-page","status-publish","hentry"],"_links":{"self":[{"href":"http:\/\/ssp.amu.edu.pl\/en\/wp-json\/wp\/v2\/pages\/148","targetHints":{"allow":["GET"]}}],"collection":[{"href":"http:\/\/ssp.amu.edu.pl\/en\/wp-json\/wp\/v2\/pages"}],"about":[{"href":"http:\/\/ssp.amu.edu.pl\/en\/wp-json\/wp\/v2\/types\/page"}],"author":[{"embeddable":true,"href":"http:\/\/ssp.amu.edu.pl\/en\/wp-json\/wp\/v2\/users\/1"}],"replies":[{"embeddable":true,"href":"http:\/\/ssp.amu.edu.pl\/en\/wp-json\/wp\/v2\/comments?post=148"}],"version-history":[{"count":1,"href":"http:\/\/ssp.amu.edu.pl\/en\/wp-json\/wp\/v2\/pages\/148\/revisions"}],"predecessor-version":[{"id":149,"href":"http:\/\/ssp.amu.edu.pl\/en\/wp-json\/wp\/v2\/pages\/148\/revisions\/149"}],"up":[{"embeddable":true,"href":"http:\/\/ssp.amu.edu.pl\/en\/wp-json\/wp\/v2\/pages\/32"}],"wp:attachment":[{"href":"http:\/\/ssp.amu.edu.pl\/en\/wp-json\/wp\/v2\/media?parent=148"}],"curies":[{"name":"wp","href":"https:\/\/api.w.org\/{rel}","templated":true}]}}