{"id":1452,"date":"2024-10-17T07:48:54","date_gmt":"2024-10-17T05:48:54","guid":{"rendered":"http:\/\/ssp.amu.edu.pl\/?page_id=1452"},"modified":"2024-10-17T07:53:00","modified_gmt":"2024-10-17T05:53:00","slug":"nr-2-2023","status":"publish","type":"page","link":"http:\/\/ssp.amu.edu.pl\/en\/nr-2-2023\/","title":{"rendered":"- Nr 2\/2023"},"content":{"rendered":"<p><strong>Vol 2\/2023<\/strong><\/p>\n<p><a href=\"http:\/\/ssp.amu.edu.pl\/wp-content\/uploads\/2024\/01\/SSP-2-2023-okl-1str.jpg\"><img loading=\"lazy\" decoding=\"async\" class=\"alignright wp-image-248\" src=\"http:\/\/ssp.amu.edu.pl\/wp-content\/uploads\/2024\/01\/SSP-2-2023-okl-1str.jpg\" alt=\"Ok\u0142adka SSP\" width=\"150\" height=\"213\" \/><\/a><\/p>\n<p><a href=\"http:\/\/ssp.amu.edu.pl\/wp-content\/uploads\/2024\/01\/ssp-2023-001-EN.pdf\">Contents<\/a><\/p>\n<p><strong>Mi\u0142osz Czopek, Magdalena \u015alebioda<\/strong><br \/>\n<a href=\"http:\/\/ssp.amu.edu.pl\/wp-content\/uploads\/2024\/01\/ssp-2023-2-01.pdf\">The Impact of the Energy Crisis on the Management of Investment Policy in Local Government Units<\/a><\/p>\n<p><strong>Adam Ilci\u00f3w<\/strong><br \/>\n<a href=\"http:\/\/ssp.amu.edu.pl\/wp-content\/uploads\/2024\/01\/ssp-2023-2-02.pdf\">Modern Technologies in the Development of the City. Strategies \u2013 Realizations \u2013 Expectations<\/a><\/p>\n<p><strong>Hanna Lavrynenko, \u0141ukasz Donaj<\/strong><br \/>\n<a href=\"http:\/\/ssp.amu.edu.pl\/wp-content\/uploads\/2024\/01\/ssp-2023-2-03.pdf\">Mental Revival of Ukraine: A Stranger Among Friends?<\/a><\/p>\n<p><strong>Igor Pogonowski<\/strong><br \/>\n<a href=\"http:\/\/ssp.amu.edu.pl\/wp-content\/uploads\/2024\/01\/ssp-2023-2-04.pdf\">Statepension Policy Towards Farmers\u2019 Social Security<\/a><\/p>\n<p><strong>Hanna Duma\u0142a<\/strong><br \/>\n<a href=\"http:\/\/ssp.amu.edu.pl\/wp-content\/uploads\/2024\/01\/ssp-2023-2-05.pdf\">Polish Cities in Transnational Spatially Dispersed Territorial Networks<\/a><\/p>\n<p><strong>Dorota Michalska-Sieniawska<\/strong><br \/>\n<a href=\"http:\/\/ssp.amu.edu.pl\/wp-content\/uploads\/2024\/01\/ssp-2023-2-06.pdf\">The Standard of \u201eRespect for the Human Dignity\u201d in Diplomacy. Dilemmas and Challenges in the Absence of a Legal Definition<\/a><\/p>\n<p><strong>Wojciech Tomasz Modzelewski<\/strong><br \/>\n<a href=\"http:\/\/ssp.amu.edu.pl\/wp-content\/uploads\/2024\/01\/ssp-2023-2-07.pdf\">The Foreign Activity (Paradiplomacy) of Polish Voivodeships Towards Italy<\/a><\/p>\n<p><strong>Bogdan Koszel<\/strong><br \/>\n<a href=\"http:\/\/ssp.amu.edu.pl\/wp-content\/uploads\/2024\/01\/ssp-2023-2-08.pdf\">Ineffective Diplomacy. Germany in the Activities of the So-called of the Normandy Format in the Conflict in Ukraine (2014\u20132022)<\/a><\/p>\n<p><strong>Marcin Wochelski<\/strong><br \/>\n<a href=\"http:\/\/ssp.amu.edu.pl\/wp-content\/uploads\/2024\/01\/ssp-2023-2-09.pdf\">Speeches from the President of Ukraine Volodymyr Zelensky Delivered to the Parliaments of the World in 2022<\/a><\/p>\n<p><strong>Krzysztof Sala<\/strong><br \/>\n<a href=\"http:\/\/ssp.amu.edu.pl\/wp-content\/uploads\/2024\/01\/ssp-2023-2-10.pdf\">Space Derbis as a Global Ecological Challenge<\/a><\/p>\n<p><strong>Weronika \u015awierczy\u0144ska-G\u0142ownia<\/strong><br \/>\n<a href=\"http:\/\/ssp.amu.edu.pl\/wp-content\/uploads\/2024\/01\/ssp-2023-2-11.pdf\">Towards Superaggregation. A Chance or the End of TV Broadcasting?<\/a><\/p>\n<p><strong>Katarzyna Maciejewska-Mieszkowska<\/strong><br \/>\n<a href=\"http:\/\/ssp.amu.edu.pl\/wp-content\/uploads\/2024\/01\/ssp-2023-2-12.pdf\">Escalation of the War in Ukraine as a Factor Determining a Sense of Threat to Poland\u2019s Security in the Eyes of Public Opinion<\/a><\/p>\n<p><strong>Book Reviews<\/strong><br \/>\n<a href=\"http:\/\/ssp.amu.edu.pl\/wp-content\/uploads\/2024\/01\/ssp-2023-2-13.pdf\">H\u00faskov\u00e1 Eva SSPI, Current Trends in Disinformation Dissemination(Andrej \u0160kolkay)<\/a><\/p>\n<p><a href=\"http:\/\/ssp.amu.edu.pl\/wp-content\/uploads\/2024\/01\/ssp-2023-2-14.pdf\"><strong>Contributors<\/strong><\/a><\/p>","protected":false},"excerpt":{"rendered":"<p>Vol 2\/2023 Contents Mi\u0142osz Czopek, Magdalena \u015alebioda The Impact of the Energy Crisis on the Management of Investment Policy in Local Government Units Adam Ilci\u00f3w Modern Technologies in the Development of the City. Strategies \u2013 Realizations \u2013 Expectations Hanna Lavrynenko, \u0141ukasz Donaj Mental Revival of Ukraine: A Stranger Among Friends? Igor Pogonowski Statepension Policy Towards [&hellip;]<\/p>\n","protected":false},"author":3,"featured_media":0,"parent":0,"menu_order":0,"comment_status":"closed","ping_status":"closed","template":"","meta":{"footnotes":""},"class_list":["post-1452","page","type-page","status-publish","hentry"],"_links":{"self":[{"href":"http:\/\/ssp.amu.edu.pl\/en\/wp-json\/wp\/v2\/pages\/1452","targetHints":{"allow":["GET"]}}],"collection":[{"href":"http:\/\/ssp.amu.edu.pl\/en\/wp-json\/wp\/v2\/pages"}],"about":[{"href":"http:\/\/ssp.amu.edu.pl\/en\/wp-json\/wp\/v2\/types\/page"}],"author":[{"embeddable":true,"href":"http:\/\/ssp.amu.edu.pl\/en\/wp-json\/wp\/v2\/users\/3"}],"replies":[{"embeddable":true,"href":"http:\/\/ssp.amu.edu.pl\/en\/wp-json\/wp\/v2\/comments?post=1452"}],"version-history":[{"count":6,"href":"http:\/\/ssp.amu.edu.pl\/en\/wp-json\/wp\/v2\/pages\/1452\/revisions"}],"predecessor-version":[{"id":1460,"href":"http:\/\/ssp.amu.edu.pl\/en\/wp-json\/wp\/v2\/pages\/1452\/revisions\/1460"}],"wp:attachment":[{"href":"http:\/\/ssp.amu.edu.pl\/en\/wp-json\/wp\/v2\/media?parent=1452"}],"curies":[{"name":"wp","href":"https:\/\/api.w.org\/{rel}","templated":true}]}}