{"id":1392,"date":"2024-01-08T09:58:33","date_gmt":"2024-01-08T08:58:33","guid":{"rendered":"http:\/\/ssp.amu.edu.pl\/?page_id=1392"},"modified":"2024-01-08T09:58:33","modified_gmt":"2024-01-08T08:58:33","slug":"nr-1-2023","status":"publish","type":"page","link":"http:\/\/ssp.amu.edu.pl\/en\/nr-1-2023\/","title":{"rendered":"- Nr 1\/2023"},"content":{"rendered":"<p><strong>Vol 1\/2023<\/strong><\/p>\n<p><a href=\"http:\/\/ssp.amu.edu.pl\/wp-content\/uploads\/2023\/04\/ssp-2023-1-okl.jpg\"><img loading=\"lazy\" decoding=\"async\" class=\"alignright wp-image-248\" src=\"http:\/\/ssp.amu.edu.pl\/wp-content\/uploads\/2023\/04\/ssp-2023-1-okl.jpg\" alt=\"Ok\u0142adka SSP\" width=\"150\" height=\"213\" \/><\/a><\/p>\n<p><a href=\"http:\/\/ssp.amu.edu.pl\/wp-content\/uploads\/2023\/07\/ssp-2023-001.pdf\">Contents<\/a><\/p>\n<p><strong> Remigiusz Rosicki<\/strong><br \/>\n<a href=\"http:\/\/ssp.amu.edu.pl\/wp-content\/uploads\/2023\/04\/ssp-2023-1-01.pdf\">Terrorist Offences under Polish Law<\/a><\/p>\n<p><strong>Lucyna Rajca <\/strong><br \/>\n<a href=\"http:\/\/ssp.amu.edu.pl\/wp-content\/uploads\/2023\/04\/ssp-2023-1-02.pdf\">Zarz\u0105dzanie kryzysem wywo\u0142anym pandemi\u0105 COVID-19 w czasie jej pierwszej fali w wybranych pa\u0144stwach europejskich<\/a><\/p>\n<p><strong>Magdalena Tomala <\/strong><br \/>\n<a href=\"http:\/\/ssp.amu.edu.pl\/wp-content\/uploads\/2023\/04\/ssp-2023-1-04.pdf\">Monitorowanie jako\u015bci powietrza w Polsce w \u015bwietle koncepcji smart city<\/a><\/p>\n<p><strong>Ryszard Paradowski, Wiera Paradowska <\/strong><br \/>\n<a href=\"http:\/\/ssp.amu.edu.pl\/wp-content\/uploads\/2023\/04\/ssp-2023-1-05.pdf\">Ateizm, metafizyka i filozofia demokracji. Refleksje o teologii Braci Polskich<\/a><\/p>\n<p><strong> \u0141ukasz Wojcieszak<\/strong><br \/>\n<a href=\"http:\/\/ssp.amu.edu.pl\/wp-content\/uploads\/2023\/04\/ssp-2023-1-07.pdf\">Reakcje wybranych podmiot\u00f3w na zniszczenie gazoci\u0105g\u00f3w Nord Stream. Problem jako\u015bci informacji obecnej w przestrzeni publicznej<\/a><\/p>\n<p><strong>Tomasz Hoffmann <\/strong><br \/>\n<a href=\"http:\/\/ssp.amu.edu.pl\/wp-content\/uploads\/2023\/04\/ssp-2023-1-08.pdf\">Rozw\u00f3j rynku elektromobilno\u015bci w Polsce. Dylematy i wyzwania<\/a><\/p>\n<p><strong>Marcin Koczan <\/strong><br \/>\n<a href=\"http:\/\/ssp.amu.edu.pl\/wp-content\/uploads\/2023\/04\/ssp-2023-1-11.pdf\">Obszar transformacji g\u00f3rniczo-energetycznej w wojew\u00f3dztwie \u0142\u00f3dzkim w kontek\u015bcie wygaszania kompleksu energetycznego w Be\u0142chatowie a zagadnienie sprawiedliwej transformacji<\/a><\/p>\n<p><strong>Anna Bie\u0144kowska <\/strong><br \/>\n<a href=\"http:\/\/ssp.amu.edu.pl\/wp-content\/uploads\/2023\/04\/ssp-2023-1-12akt.pdf\">Rola Stra\u017cy Granicznej w kontek\u015bcie funkcjonowania um\u00f3w o ma\u0142ym ruchu granicznym. Casus pogranicza polsko-rosyjskiego<\/a><\/p>\n<p><strong>Micha\u0142 Paszkowski <\/strong><br \/>\n<a href=\"http:\/\/ssp.amu.edu.pl\/wp-content\/uploads\/2023\/04\/ssp-2023-1-13.pdf\">Projekt ruroci\u0105gu Odessa\u2013Brody\u2013P\u0142ock jako element zapewnienia bezpiecze\u0144stwa energetycznego Polski w my\u015bli politycznej wybranych polskich partii politycznych w latach 2005\u20132015<\/a><\/p>\n<p><strong>Tadeusz Wallas\u00a0<\/strong><br \/>\n<a href=\"http:\/\/ssp.amu.edu.pl\/wp-content\/uploads\/2023\/07\/ssp-2023-1-15.pdf\">Academic Cooperation Between Poland and Germany \u2013 Example of Collegium Polonicum as a Joint Institution of Adam MickiewiczUniversity in Poznan\u0301 and European University Viadrina in Frankfurt (Oder)<\/a><\/p>\n<p><a href=\"http:\/\/ssp.amu.edu.pl\/wp-content\/uploads\/2023\/07\/ssp-2023-1-16.pdf\"><strong>Contributors<\/strong><\/a><\/p>","protected":false},"excerpt":{"rendered":"<p>Vol 1\/2023 Contents Remigiusz Rosicki Terrorist Offences under Polish Law Lucyna Rajca Zarz\u0105dzanie kryzysem wywo\u0142anym pandemi\u0105 COVID-19 w czasie jej pierwszej fali w wybranych pa\u0144stwach europejskich Magdalena Tomala Monitorowanie jako\u015bci powietrza w Polsce w \u015bwietle koncepcji smart city Ryszard Paradowski, Wiera Paradowska Ateizm, metafizyka i filozofia demokracji. Refleksje o teologii Braci Polskich \u0141ukasz Wojcieszak Reakcje [&hellip;]<\/p>\n","protected":false},"author":3,"featured_media":0,"parent":0,"menu_order":0,"comment_status":"closed","ping_status":"closed","template":"","meta":{"footnotes":""},"class_list":["post-1392","page","type-page","status-publish","hentry"],"_links":{"self":[{"href":"http:\/\/ssp.amu.edu.pl\/en\/wp-json\/wp\/v2\/pages\/1392","targetHints":{"allow":["GET"]}}],"collection":[{"href":"http:\/\/ssp.amu.edu.pl\/en\/wp-json\/wp\/v2\/pages"}],"about":[{"href":"http:\/\/ssp.amu.edu.pl\/en\/wp-json\/wp\/v2\/types\/page"}],"author":[{"embeddable":true,"href":"http:\/\/ssp.amu.edu.pl\/en\/wp-json\/wp\/v2\/users\/3"}],"replies":[{"embeddable":true,"href":"http:\/\/ssp.amu.edu.pl\/en\/wp-json\/wp\/v2\/comments?post=1392"}],"version-history":[{"count":2,"href":"http:\/\/ssp.amu.edu.pl\/en\/wp-json\/wp\/v2\/pages\/1392\/revisions"}],"predecessor-version":[{"id":1394,"href":"http:\/\/ssp.amu.edu.pl\/en\/wp-json\/wp\/v2\/pages\/1392\/revisions\/1394"}],"wp:attachment":[{"href":"http:\/\/ssp.amu.edu.pl\/en\/wp-json\/wp\/v2\/media?parent=1392"}],"curies":[{"name":"wp","href":"https:\/\/api.w.org\/{rel}","templated":true}]}}