{"id":1321,"date":"2022-12-27T11:22:23","date_gmt":"2022-12-27T10:22:23","guid":{"rendered":"http:\/\/ssp.amu.edu.pl\/?page_id=1321"},"modified":"2022-12-27T11:22:23","modified_gmt":"2022-12-27T10:22:23","slug":"nr-3-2022","status":"publish","type":"page","link":"http:\/\/ssp.amu.edu.pl\/en\/archive\/nr-3-2022\/","title":{"rendered":"Vol. 3\/2022"},"content":{"rendered":"<p><a href=\"http:\/\/ssp.amu.edu.pl\/wp-content\/uploads\/2022\/09\/ssp-2022-3-okl.jpg\"><img loading=\"lazy\" decoding=\"async\" class=\"alignright wp-image-248\" src=\"http:\/\/ssp.amu.edu.pl\/wp-content\/uploads\/2022\/09\/ssp-2022-3-okl.jpg\" alt=\"Ok\u0142adka SSP\" width=\"150\" height=\"213\" \/><\/a><\/p>\n<p><a href=\"http:\/\/ssp.amu.edu.pl\/wp-content\/uploads\/2022\/09\/ssp-2022-3-00.pdf\">Contents<\/a><\/p>\n<p><strong>Marek Pogonowski <\/strong><br \/>\n<a href=\"http:\/\/ssp.amu.edu.pl\/wp-content\/uploads\/2022\/09\/ssp-2022-3-01.pdf\">Wp\u0142yw nowoczesnych us\u0142ug administracji publicznej na bezpiecze\u0144stwo finansowe wybranych grup spo\u0142ecznych<\/a><\/p>\n<p><strong>Tomasz Mas\u0142yk <\/strong><br \/>\n<a href=\"http:\/\/ssp.amu.edu.pl\/wp-content\/uploads\/2022\/09\/ssp-2022-3-02.pdf\">Rosja i Ukraina \u2013 zaufanie instytucjonalne w kontek\u015bcie spo\u0142ecznych ocen jako\u015bci dzia\u0142ania instytucji pa\u0144stwa. Podobie\u0144stwa i r\u00f3\u017cnice<\/a><\/p>\n<p><strong>Micha\u0142 Kury\u0142owicz <\/strong><br \/>\n<a href=\"http:\/\/ssp.amu.edu.pl\/wp-content\/uploads\/2022\/09\/ssp-2022-3-03.pdf\">Analogie historyczne w dzia\u0142aniu politycznym. Casus Kazachstanu<\/a><\/p>\n<p><strong>Marek G\u00f3rka <\/strong><br \/>\n<a href=\"http:\/\/ssp.amu.edu.pl\/wp-content\/uploads\/2022\/09\/ssp-2022-3-04.pdf\">Cybersecurity in the V4 Policy in 2011\u20132022<\/a><\/p>\n<p><strong>Esma Ku\u010dukali\u0107 <\/strong><br \/>\n<a href=\"http:\/\/ssp.amu.edu.pl\/wp-content\/uploads\/2022\/09\/ssp-2022-3-05.pdf\">From Frozen to Latent Conflicts. Is a New EU Paradigm for Bosnia and Herzegovina Urgent?<\/a><\/p>\n<p><strong>Yuliia Nesteriak, Vyacheslav Ryabichev <\/strong><br \/>\n<a href=\"http:\/\/ssp.amu.edu.pl\/wp-content\/uploads\/2022\/09\/ssp-2022-3-06.pdf\">Business Models of Local and Hyperlocal Media During Local Mass Media Reforms in Ukraine<\/a><\/p>\n<p><strong>\u0141ukasz Donaj, Marcin Wochelski <\/strong><br \/>\n<a href=\"http:\/\/ssp.amu.edu.pl\/wp-content\/uploads\/2022\/09\/ssp-2022-3-07.pdf\">Ewolucja przem\u00f3wie\u0144 Wo\u0142odymyra Ze\u0142enskiego jako prezydenta Ukrainy przed 24 lutego 2022 roku<\/a><\/p>\n<p><a href=\"http:\/\/ssp.amu.edu.pl\/wp-content\/uploads\/2022\/09\/ssp-2022-3-17.pdf\"><strong>Contributors<\/strong><\/a><\/p>","protected":false},"excerpt":{"rendered":"<p>Contents Marek Pogonowski Wp\u0142yw nowoczesnych us\u0142ug administracji publicznej na bezpiecze\u0144stwo finansowe wybranych grup spo\u0142ecznych Tomasz Mas\u0142yk Rosja i Ukraina \u2013 zaufanie instytucjonalne w kontek\u015bcie spo\u0142ecznych ocen jako\u015bci dzia\u0142ania instytucji pa\u0144stwa. Podobie\u0144stwa i r\u00f3\u017cnice Micha\u0142 Kury\u0142owicz Analogie historyczne w dzia\u0142aniu politycznym. Casus Kazachstanu Marek G\u00f3rka Cybersecurity in the V4 Policy in 2011\u20132022 Esma Ku\u010dukali\u0107 From Frozen [&hellip;]<\/p>\n","protected":false},"author":2,"featured_media":0,"parent":32,"menu_order":0,"comment_status":"closed","ping_status":"closed","template":"","meta":{"footnotes":""},"class_list":["post-1321","page","type-page","status-publish","hentry"],"_links":{"self":[{"href":"http:\/\/ssp.amu.edu.pl\/en\/wp-json\/wp\/v2\/pages\/1321","targetHints":{"allow":["GET"]}}],"collection":[{"href":"http:\/\/ssp.amu.edu.pl\/en\/wp-json\/wp\/v2\/pages"}],"about":[{"href":"http:\/\/ssp.amu.edu.pl\/en\/wp-json\/wp\/v2\/types\/page"}],"author":[{"embeddable":true,"href":"http:\/\/ssp.amu.edu.pl\/en\/wp-json\/wp\/v2\/users\/2"}],"replies":[{"embeddable":true,"href":"http:\/\/ssp.amu.edu.pl\/en\/wp-json\/wp\/v2\/comments?post=1321"}],"version-history":[{"count":1,"href":"http:\/\/ssp.amu.edu.pl\/en\/wp-json\/wp\/v2\/pages\/1321\/revisions"}],"predecessor-version":[{"id":1322,"href":"http:\/\/ssp.amu.edu.pl\/en\/wp-json\/wp\/v2\/pages\/1321\/revisions\/1322"}],"up":[{"embeddable":true,"href":"http:\/\/ssp.amu.edu.pl\/en\/wp-json\/wp\/v2\/pages\/32"}],"wp:attachment":[{"href":"http:\/\/ssp.amu.edu.pl\/en\/wp-json\/wp\/v2\/media?parent=1321"}],"curies":[{"name":"wp","href":"https:\/\/api.w.org\/{rel}","templated":true}]}}