{"id":1281,"date":"2022-09-07T20:01:43","date_gmt":"2022-09-07T18:01:43","guid":{"rendered":"http:\/\/ssp.amu.edu.pl\/?page_id=1281"},"modified":"2022-09-25T20:02:35","modified_gmt":"2022-09-25T18:02:35","slug":"nr-2-2022","status":"publish","type":"page","link":"http:\/\/ssp.amu.edu.pl\/en\/archive\/nr-2-2022\/","title":{"rendered":"Vol. 2\/2022"},"content":{"rendered":"<p><strong>Vol. 2\/2022<\/strong><\/p>\n<p><a href=\"http:\/\/ssp.amu.edu.pl\/wp-content\/uploads\/2022\/07\/ssp-2022-2-okl.jpg\"><img loading=\"lazy\" decoding=\"async\" class=\"alignright wp-image-248\" src=\"http:\/\/ssp.amu.edu.pl\/wp-content\/uploads\/2022\/07\/ssp-2022-2-okl.jpg\" alt=\"Ok\u0142adka SSP\" width=\"150\" height=\"213\" \/><\/a><\/p>\n<p><a href=\"http:\/\/ssp.amu.edu.pl\/wp-content\/uploads\/2022\/07\/ssp-2022-2-00.pdf\">Contents<\/a><\/p>\n<p><strong>Artur Nied\u017awiecki  <\/strong><br \/>\n<a href=\"http:\/\/ssp.amu.edu.pl\/wp-content\/uploads\/2022\/07\/ssp-2022-2-02.pdf\">Decay of Liberal Democracy in Europe   <\/a><\/p>\n<p><strong>Ma\u0142gorzata Winiarska-Brodowska, Dorota Piontek, Joanna Dzwo\u0144czyk, Monika Jab\u0142o\u0144ska  <\/strong><br \/>\n<a href=\"http:\/\/ssp.amu.edu.pl\/wp-content\/uploads\/2022\/07\/ssp-2022-2-07.pdf\">The Law and Justice Leader and Prime Minister\u2019s Affinity Towards the Alternative Media on Facebook in Poland   <\/a><\/p>\n<p><strong>Andrej \u0160kolkay, Martin Laczko, Pavel Havl\u00ed\u010dek, Viera \u017d\u00faborov\u00e1  <\/strong><br \/>\n<a href=\"http:\/\/ssp.amu.edu.pl\/wp-content\/uploads\/2022\/07\/ssp-2022-2-08.pdf\">The Affinity of the Former Czech Prime Minister Andrej Babi\u0161 Towards Alternative Media on Facebook   <\/a><\/p>\n<p><strong>Andrej \u0160kolkay, Igor Dani\u0161  <\/strong><br \/>\n<a href=\"http:\/\/ssp.amu.edu.pl\/wp-content\/uploads\/2022\/07\/ssp-2022-2-10.pdf\">The Populist Leaders\u2019 Affinity Towards Alternative Media on Facebook in Slovakia   <\/a><\/p>\n<p><strong>Gy\u00f6rgyi R\u00e9tfalvi  <\/strong><br \/>\n<a href=\"http:\/\/ssp.amu.edu.pl\/wp-content\/uploads\/2022\/07\/ssp-2022-2-11.pdf\">Viktor Orb\u00e1n\u2019s Missing Affinity Towards Alternative Media on Facebook   <\/a><\/p>\n<p><strong>Andrej \u0160kolkay, Adina Marincea  <\/strong><br \/>\n<a href=\"http:\/\/ssp.amu.edu.pl\/wp-content\/uploads\/2022\/07\/ssp-2022-2-13.pdf\">Theory, Methodology, and Background Information to the Four-Case Studies   <\/a><\/p>\n<p><strong>Svitlana Soroka  <\/strong><br \/>\n<a href=\"http:\/\/ssp.amu.edu.pl\/wp-content\/uploads\/2022\/07\/ssp-2022-2-14.pdf\">Economic Consequences of the Realisation of the EU-Ukraine Association Agreement   <\/a><\/p>\n<p><strong>Konrad Ko\u0142odziejski  <\/strong><br \/>\n<a href=\"http:\/\/ssp.amu.edu.pl\/wp-content\/uploads\/2022\/07\/ssp-2022-2-16.pdf\">Ograniczenie roli parlamentu w Rosji po obj\u0119ciu w\u0142adzy przez W\u0142adimira Putina   <\/a><\/p>\n<p><a href=\"http:\/\/ssp.amu.edu.pl\/wp-content\/uploads\/2022\/07\/ssp-2022-2-17.pdf\"><strong>Contributors<\/strong><\/a><\/p>","protected":false},"excerpt":{"rendered":"<p>Vol. 2\/2022 Contents Artur Nied\u017awiecki Decay of Liberal Democracy in Europe Ma\u0142gorzata Winiarska-Brodowska, Dorota Piontek, Joanna Dzwo\u0144czyk, Monika Jab\u0142o\u0144ska The Law and Justice Leader and Prime Minister\u2019s Affinity Towards the Alternative Media on Facebook in Poland Andrej \u0160kolkay, Martin Laczko, Pavel Havl\u00ed\u010dek, Viera \u017d\u00faborov\u00e1 The Affinity of the Former Czech Prime Minister Andrej Babi\u0161 Towards [&hellip;]<\/p>\n","protected":false},"author":2,"featured_media":0,"parent":32,"menu_order":0,"comment_status":"closed","ping_status":"closed","template":"","meta":{"footnotes":""},"class_list":["post-1281","page","type-page","status-publish","hentry"],"_links":{"self":[{"href":"http:\/\/ssp.amu.edu.pl\/en\/wp-json\/wp\/v2\/pages\/1281","targetHints":{"allow":["GET"]}}],"collection":[{"href":"http:\/\/ssp.amu.edu.pl\/en\/wp-json\/wp\/v2\/pages"}],"about":[{"href":"http:\/\/ssp.amu.edu.pl\/en\/wp-json\/wp\/v2\/types\/page"}],"author":[{"embeddable":true,"href":"http:\/\/ssp.amu.edu.pl\/en\/wp-json\/wp\/v2\/users\/2"}],"replies":[{"embeddable":true,"href":"http:\/\/ssp.amu.edu.pl\/en\/wp-json\/wp\/v2\/comments?post=1281"}],"version-history":[{"count":1,"href":"http:\/\/ssp.amu.edu.pl\/en\/wp-json\/wp\/v2\/pages\/1281\/revisions"}],"predecessor-version":[{"id":1282,"href":"http:\/\/ssp.amu.edu.pl\/en\/wp-json\/wp\/v2\/pages\/1281\/revisions\/1282"}],"up":[{"embeddable":true,"href":"http:\/\/ssp.amu.edu.pl\/en\/wp-json\/wp\/v2\/pages\/32"}],"wp:attachment":[{"href":"http:\/\/ssp.amu.edu.pl\/en\/wp-json\/wp\/v2\/media?parent=1281"}],"curies":[{"name":"wp","href":"https:\/\/api.w.org\/{rel}","templated":true}]}}