{"id":1263,"date":"2022-07-05T15:36:34","date_gmt":"2022-07-05T13:36:34","guid":{"rendered":"http:\/\/ssp.amu.edu.pl\/?page_id=1263"},"modified":"2022-07-05T15:36:34","modified_gmt":"2022-07-05T13:36:34","slug":"nr-1-2022","status":"publish","type":"page","link":"http:\/\/ssp.amu.edu.pl\/en\/archive\/nr-1-2022\/","title":{"rendered":"Vol. 1\/2022"},"content":{"rendered":"<p><strong>Vol. 1\/2022<\/strong><\/p>\n<p><a href=\"http:\/\/ssp.amu.edu.pl\/wp-content\/uploads\/2022\/05\/ssp-2022-01-okl.jpg\"><img loading=\"lazy\" decoding=\"async\" class=\"alignright wp-image-248\" src=\"http:\/\/ssp.amu.edu.pl\/wp-content\/uploads\/2022\/05\/ssp-2022-01-okl.jpg\" alt=\"Ok\u0142adka SSP\" width=\"150\" height=\"213\" \/><\/a><\/p>\n<p><a href=\"http:\/\/ssp.amu.edu.pl\/wp-content\/uploads\/2022\/05\/ssp-2022-01-00.pdf\">Contents<\/a><\/p>\n<p><strong>Anna Llanos-Antczak, Zdzis\u0142aw \u015aliwa<\/strong><br \/>\n<a href=\"http:\/\/ssp.amu.edu.pl\/wp-content\/uploads\/2022\/05\/ssp-2022-01-01.pdf\">Evolution of Regional Cooperation Frameworks in Eastern Europe (1990\u20132021). The Role of Poland as a Regional Actor<\/a><\/p>\n<p><strong>Marta G\u0119bska<\/strong><br \/>\n<a href=\"http:\/\/ssp.amu.edu.pl\/wp-content\/uploads\/2022\/05\/ssp-2022-01-03.pdf\">Handel lud\u017ami w Europie jako wyzwanie dla bezpiecze\u0144stwa pa\u0144stw i organizacji mi\u0119dzynarodowych w latach 2012\u20132020<\/a><\/p>\n<p><strong>Klaudia Go\u0142\u0119biowska, Julia Or\u0142owska <\/strong><br \/>\n<a href=\"http:\/\/ssp.amu.edu.pl\/wp-content\/uploads\/2022\/05\/ssp-2022-01-04.pdf\">Polityki integracji os\u00f3b z ochron\u0105 mi\u0119dzynarodow\u0105 na poziomie lokalnym. Wybrane europejskie aglomeracje <\/a><\/p>\n<p><strong>Mukesh Shankar Bharti<\/strong><br \/>\n<a href=\"http:\/\/ssp.amu.edu.pl\/wp-content\/uploads\/2022\/05\/ssp-2022-01-05.pdf\">Political Institution Building in Post-Communist Romania <\/a><\/p>\n<p><strong>Marek Tyra\u0142a <\/strong><br \/>\n<a href=\"http:\/\/ssp.amu.edu.pl\/wp-content\/uploads\/2022\/05\/ssp-2022-01-07.pdf\">Zmiany pokoleniowe a zachowania wyborcze. Na przyk\u0142adzie wybor\u00f3w parlamentarnych w Polsce w 2019 roku <\/a><\/p>\n<p><strong>Agnieszka Rogozi\u0144ska <\/strong><br \/>\n<a href=\"http:\/\/ssp.amu.edu.pl\/wp-content\/uploads\/2022\/05\/ssp-2022-01-10.pdf\">Identyfikacja uwarunkowa\u0144 konfliktu rosyjsko-ukrai\u0144skiego w mi\u0119dzynarodowym \u015brodowisku bezpiecze\u0144stwa <\/a><\/p>\n<p><strong>Lucyna Rajca <\/strong><br \/>\n<a href=\"http:\/\/ssp.amu.edu.pl\/wp-content\/uploads\/2022\/05\/ssp-2022-01-14.pdf\">Forms of Public Participation in the Polish Local Government <\/a><\/p>\n<p><strong>Recenzja <\/strong><br \/>\n<a href=\"http:\/\/ssp.amu.edu.pl\/wp-content\/uploads\/2022\/05\/ssp-2022-01-15.pdf\">Nieuchronno\u015b\u0107 interpretacji (Piotr Rutkowski)<\/a><\/p>\n<p><a href=\"http:\/\/ssp.amu.edu.pl\/wp-content\/uploads\/2022\/05\/ssp-2022-01-16.pdf\"><strong>Contributors<\/strong><\/a><\/p>","protected":false},"excerpt":{"rendered":"<p>Vol. 1\/2022 Contents Anna Llanos-Antczak, Zdzis\u0142aw \u015aliwa Evolution of Regional Cooperation Frameworks in Eastern Europe (1990\u20132021). The Role of Poland as a Regional Actor Marta G\u0119bska Handel lud\u017ami w Europie jako wyzwanie dla bezpiecze\u0144stwa pa\u0144stw i organizacji mi\u0119dzynarodowych w latach 2012\u20132020 Klaudia Go\u0142\u0119biowska, Julia Or\u0142owska Polityki integracji os\u00f3b z ochron\u0105 mi\u0119dzynarodow\u0105 na poziomie lokalnym. Wybrane [&hellip;]<\/p>\n","protected":false},"author":2,"featured_media":0,"parent":32,"menu_order":0,"comment_status":"closed","ping_status":"closed","template":"","meta":{"footnotes":""},"class_list":["post-1263","page","type-page","status-publish","hentry"],"_links":{"self":[{"href":"http:\/\/ssp.amu.edu.pl\/en\/wp-json\/wp\/v2\/pages\/1263","targetHints":{"allow":["GET"]}}],"collection":[{"href":"http:\/\/ssp.amu.edu.pl\/en\/wp-json\/wp\/v2\/pages"}],"about":[{"href":"http:\/\/ssp.amu.edu.pl\/en\/wp-json\/wp\/v2\/types\/page"}],"author":[{"embeddable":true,"href":"http:\/\/ssp.amu.edu.pl\/en\/wp-json\/wp\/v2\/users\/2"}],"replies":[{"embeddable":true,"href":"http:\/\/ssp.amu.edu.pl\/en\/wp-json\/wp\/v2\/comments?post=1263"}],"version-history":[{"count":1,"href":"http:\/\/ssp.amu.edu.pl\/en\/wp-json\/wp\/v2\/pages\/1263\/revisions"}],"predecessor-version":[{"id":1264,"href":"http:\/\/ssp.amu.edu.pl\/en\/wp-json\/wp\/v2\/pages\/1263\/revisions\/1264"}],"up":[{"embeddable":true,"href":"http:\/\/ssp.amu.edu.pl\/en\/wp-json\/wp\/v2\/pages\/32"}],"wp:attachment":[{"href":"http:\/\/ssp.amu.edu.pl\/en\/wp-json\/wp\/v2\/media?parent=1263"}],"curies":[{"name":"wp","href":"https:\/\/api.w.org\/{rel}","templated":true}]}}