{"id":1213,"date":"2021-12-29T14:45:33","date_gmt":"2021-12-29T13:45:33","guid":{"rendered":"http:\/\/ssp.amu.edu.pl\/?page_id=1213"},"modified":"2021-12-29T14:45:33","modified_gmt":"2021-12-29T13:45:33","slug":"nr-3-2021","status":"publish","type":"page","link":"http:\/\/ssp.amu.edu.pl\/en\/archive\/nr-3-2021\/","title":{"rendered":"Vol. 3\/2021"},"content":{"rendered":"<p><a href=\"http:\/\/ssp.amu.edu.pl\/wp-content\/uploads\/2021\/12\/ssp-2021-3-okl.jpg\"><img loading=\"lazy\" decoding=\"async\" class=\"alignright wp-image-248\" src=\"http:\/\/ssp.amu.edu.pl\/wp-content\/uploads\/2021\/12\/ssp-2021-3-okl.jpg\" alt=\"Ok\u0142adka SSP\" width=\"150\" height=\"213\" \/><\/a><\/p>\n<p><a href=\"http:\/\/ssp.amu.edu.pl\/wp-content\/uploads\/2021\/12\/ssp-2021-3-00.pdf\">Contents<\/a><\/p>\n<p><strong> Kseniia Denysenko, Olena Kovtun<\/strong><br \/>\n<a href=\"http:\/\/ssp.amu.edu.pl\/wp-content\/uploads\/2021\/12\/ssp-2021-3-01.pdf\">The Religious Freedom in Crimea During the Russian Occupation <\/a><\/p>\n<p><strong> Anastasia Kravets<\/strong><br \/>\n<a href=\"http:\/\/ssp.amu.edu.pl\/wp-content\/uploads\/2021\/12\/ssp-2021-3-02.pdf\">Globalization\/Human Safety: A Biopolitical Approach <\/a><\/p>\n<p><strong>Volodymyr Grubov, Valerii Svynarenko, Igor Khraban <\/strong><br \/>\n<a href=\"http:\/\/ssp.amu.edu.pl\/wp-content\/uploads\/2021\/12\/ssp-2021-3-03.pdf\">Trumpism as an Alternative Look at the Great America <\/a><\/p>\n<p><strong>Remigiusz Rosicki <\/strong><br \/>\n<a href=\"http:\/\/ssp.amu.edu.pl\/wp-content\/uploads\/2021\/12\/ssp-2021-3-04.pdf\">State Security as Exemplified by the Offense of Espionage Under Polish Law <\/a><\/p>\n<p><strong>Artur Marcin Lorek <\/strong><br \/>\n<a href=\"http:\/\/ssp.amu.edu.pl\/wp-content\/uploads\/2021\/12\/ssp-2021-3-06.pdf\">A System for Securing the Durability and Effectiveness of the Three Seas Initiative <\/a><\/p>\n<p><strong>Pawe\u0142 Antkowiak <\/strong><br \/>\n<a href=\"http:\/\/ssp.amu.edu.pl\/wp-content\/uploads\/2021\/12\/ssp-2021-3-07.pdf\">Bud\u017cet zadaniowy w gminie jako spos\u00f3b na racjonalne gospodarowanie \u015brodkami publicznymi <\/a><\/p>\n<p><strong>Beata A. Or\u0142owska <\/strong><br \/>\n<a href=\"http:\/\/ssp.amu.edu.pl\/wp-content\/uploads\/2021\/12\/ssp-2021-3-09.pdf\">Bezpiecze\u0144stwo edukacyjne dzieci cudzoziemskich jako element bezpiecze\u0144stwa kulturowego <\/a><\/p>\n<p><a href=\"http:\/\/ssp.amu.edu.pl\/wp-content\/uploads\/2021\/12\/ssp-2021-3-10.pdf\"><strong>Contributors<\/strong><\/a><\/p>","protected":false},"excerpt":{"rendered":"<p>Contents Kseniia Denysenko, Olena Kovtun The Religious Freedom in Crimea During the Russian Occupation Anastasia Kravets Globalization\/Human Safety: A Biopolitical Approach Volodymyr Grubov, Valerii Svynarenko, Igor Khraban Trumpism as an Alternative Look at the Great America Remigiusz Rosicki State Security as Exemplified by the Offense of Espionage Under Polish Law Artur Marcin Lorek A System [&hellip;]<\/p>\n","protected":false},"author":2,"featured_media":0,"parent":32,"menu_order":0,"comment_status":"closed","ping_status":"closed","template":"","meta":{"footnotes":""},"class_list":["post-1213","page","type-page","status-publish","hentry"],"_links":{"self":[{"href":"http:\/\/ssp.amu.edu.pl\/en\/wp-json\/wp\/v2\/pages\/1213","targetHints":{"allow":["GET"]}}],"collection":[{"href":"http:\/\/ssp.amu.edu.pl\/en\/wp-json\/wp\/v2\/pages"}],"about":[{"href":"http:\/\/ssp.amu.edu.pl\/en\/wp-json\/wp\/v2\/types\/page"}],"author":[{"embeddable":true,"href":"http:\/\/ssp.amu.edu.pl\/en\/wp-json\/wp\/v2\/users\/2"}],"replies":[{"embeddable":true,"href":"http:\/\/ssp.amu.edu.pl\/en\/wp-json\/wp\/v2\/comments?post=1213"}],"version-history":[{"count":1,"href":"http:\/\/ssp.amu.edu.pl\/en\/wp-json\/wp\/v2\/pages\/1213\/revisions"}],"predecessor-version":[{"id":1214,"href":"http:\/\/ssp.amu.edu.pl\/en\/wp-json\/wp\/v2\/pages\/1213\/revisions\/1214"}],"up":[{"embeddable":true,"href":"http:\/\/ssp.amu.edu.pl\/en\/wp-json\/wp\/v2\/pages\/32"}],"wp:attachment":[{"href":"http:\/\/ssp.amu.edu.pl\/en\/wp-json\/wp\/v2\/media?parent=1213"}],"curies":[{"name":"wp","href":"https:\/\/api.w.org\/{rel}","templated":true}]}}