{"id":1175,"date":"2021-12-10T20:13:25","date_gmt":"2021-12-10T19:13:25","guid":{"rendered":"http:\/\/ssp.amu.edu.pl\/?page_id=1175"},"modified":"2021-12-10T20:13:25","modified_gmt":"2021-12-10T19:13:25","slug":"nr-2-2021","status":"publish","type":"page","link":"http:\/\/ssp.amu.edu.pl\/en\/archive\/nr-2-2021\/","title":{"rendered":"Vol. 2\/2021"},"content":{"rendered":"<p><a href=\"http:\/\/ssp.amu.edu.pl\/wp-content\/uploads\/2021\/07\/ssp-2021-02-okl.jpg\"><img loading=\"lazy\" decoding=\"async\" class=\"alignright wp-image-248\" src=\"http:\/\/ssp.amu.edu.pl\/wp-content\/uploads\/2021\/07\/ssp-2021-02-okl.jpg\" alt=\"Ok\u0142adka SSP\" width=\"150\" height=\"213\" \/><\/a><\/p>\n<p><a href=\"http:\/\/ssp.amu.edu.pl\/wp-content\/uploads\/2021\/07\/ssp-2021-02-00.pdf\">Contents<\/a><\/p>\n<p><strong>Olga Puchnina<\/strong><br \/>\n<a href=\"http:\/\/ssp.amu.edu.pl\/wp-content\/uploads\/2021\/07\/ssp-2021-02-01.pdf\">Adequate Interpretation of Socio-Political Values as a Conceptual Issue in the XXI Century (From the Perspective of the Concepts Used by B. Constant and A. Tocqueville)<\/a><\/p>\n<p><strong>Hryhorii Perepelytsia<\/strong><br \/>\n<a href=\"http:\/\/ssp.amu.edu.pl\/wp-content\/uploads\/2021\/07\/ssp-2021-02-02.pdf\">Settlement of the Russian-Ukrainian Conflict on the Donbas in the Focus of the Problem of War and Peace<\/a><\/p>\n<p><strong>Serhiy Danylenko, Olena Shcherbatiuk<\/strong><br \/>\n<a href=\"http:\/\/ssp.amu.edu.pl\/wp-content\/uploads\/2021\/07\/ssp-2021-02-03.pdf\">Use of Russia\u2019s Information and Communication Technologies in Political Instrumentalization of Ukraine\u2019s History<\/a><\/p>\n<p><strong>Jin Yang<\/strong><br \/>\n<a href=\"http:\/\/ssp.amu.edu.pl\/wp-content\/uploads\/2021\/07\/ssp-2021-02-04.pdf\">The Connotation, Features, and Mechanism of Computational Propaganda<\/a><\/p>\n<p><strong>Antonina Shuliak, Nazarii Shuliak<\/strong><br \/>\n<a href=\"http:\/\/ssp.amu.edu.pl\/wp-content\/uploads\/2021\/07\/ssp-2021-02-05.pdf\">Institutional Support of Euroregions \u201cCarpathian\u201d and \u201cBug\u201d: A Case Study for Ukrainian-Polish Cross-Border Cooperation<\/a><\/p>\n<p><strong>Ihor Ishchenko, Olena Bashkeieva<\/strong><br \/>\n<a href=\"http:\/\/ssp.amu.edu.pl\/wp-content\/uploads\/2021\/07\/ssp-2021-02-06.pdf\">Positioning and Rebranding as a State Security Tools in Global Space<\/a><\/p>\n<p><strong>Mykhailo Mykievych, Sviatoslav Senyk, Oksana Krayevska<\/strong><br \/>\n<a href=\"http:\/\/ssp.amu.edu.pl\/wp-content\/uploads\/2021\/07\/ssp-2021-02-07.pdf\">Defining \u201cInformation Resources\u201d and Their Interpretation in the Domain of Ukrainian National Police<\/a><\/p>\n<p><strong>Yurii Chentukov, Tetyana Marena, Olha Zakharova<\/strong><br \/>\n<a href=\"http:\/\/ssp.amu.edu.pl\/wp-content\/uploads\/2021\/07\/ssp-2021-02-08.pdf\">Challenges and Threats to the Debt Security of Central and Eastern<br \/>\nEuropean Countries<\/a><\/p>\n<p><a href=\"http:\/\/ssp.amu.edu.pl\/wp-content\/uploads\/2021\/07\/ssp-2021-02-09.pdf\"><strong>Book Reviews <\/strong> <\/a><br \/>\nMagdalena Musia\u0142-Karg, Elektroniczne g\u0142osowanie w opiniach Polak\u2000w. Postawy i pogl\u0105dy na temat e-voting (Martinas Malu\u017einas, Maciej G\u00f3rny)<\/p>\n<p><a href=\"http:\/\/ssp.amu.edu.pl\/wp-content\/uploads\/2021\/07\/ssp-2021-02-10.pdf\"><strong>Contributors<\/strong><\/a><\/p>","protected":false},"excerpt":{"rendered":"<p>Contents Olga Puchnina Adequate Interpretation of Socio-Political Values as a Conceptual Issue in the XXI Century (From the Perspective of the Concepts Used by B. Constant and A. Tocqueville) Hryhorii Perepelytsia Settlement of the Russian-Ukrainian Conflict on the Donbas in the Focus of the Problem of War and Peace Serhiy Danylenko, Olena Shcherbatiuk Use of [&hellip;]<\/p>\n","protected":false},"author":2,"featured_media":0,"parent":32,"menu_order":0,"comment_status":"closed","ping_status":"closed","template":"","meta":{"footnotes":""},"class_list":["post-1175","page","type-page","status-publish","hentry"],"_links":{"self":[{"href":"http:\/\/ssp.amu.edu.pl\/en\/wp-json\/wp\/v2\/pages\/1175","targetHints":{"allow":["GET"]}}],"collection":[{"href":"http:\/\/ssp.amu.edu.pl\/en\/wp-json\/wp\/v2\/pages"}],"about":[{"href":"http:\/\/ssp.amu.edu.pl\/en\/wp-json\/wp\/v2\/types\/page"}],"author":[{"embeddable":true,"href":"http:\/\/ssp.amu.edu.pl\/en\/wp-json\/wp\/v2\/users\/2"}],"replies":[{"embeddable":true,"href":"http:\/\/ssp.amu.edu.pl\/en\/wp-json\/wp\/v2\/comments?post=1175"}],"version-history":[{"count":1,"href":"http:\/\/ssp.amu.edu.pl\/en\/wp-json\/wp\/v2\/pages\/1175\/revisions"}],"predecessor-version":[{"id":1176,"href":"http:\/\/ssp.amu.edu.pl\/en\/wp-json\/wp\/v2\/pages\/1175\/revisions\/1176"}],"up":[{"embeddable":true,"href":"http:\/\/ssp.amu.edu.pl\/en\/wp-json\/wp\/v2\/pages\/32"}],"wp:attachment":[{"href":"http:\/\/ssp.amu.edu.pl\/en\/wp-json\/wp\/v2\/media?parent=1175"}],"curies":[{"name":"wp","href":"https:\/\/api.w.org\/{rel}","templated":true}]}}