{"id":1165,"date":"2021-07-19T09:09:58","date_gmt":"2021-07-19T07:09:58","guid":{"rendered":"http:\/\/ssp.amu.edu.pl\/?page_id=1165"},"modified":"2021-07-21T13:15:07","modified_gmt":"2021-07-21T11:15:07","slug":"nr-1-2021","status":"publish","type":"page","link":"http:\/\/ssp.amu.edu.pl\/en\/archive\/nr-1-2021\/","title":{"rendered":"Vol. 1\/2021"},"content":{"rendered":"<p><strong>Vol. 1\/2021<\/strong><\/p>\n<p><a href=\"&quot;http:\/\/ssp.amu.edu.pl\/wp-content\/uploads\/2021\/07\/ssp-2021-01-okl.png\"><img loading=\"lazy\" decoding=\"async\" class=\"alignright wp-image-248\" src=\"http:\/\/ssp.amu.edu.pl\/wp-content\/uploads\/2021\/07\/ssp-2021-01-okl.png\" alt=\"Ok\u0142adka SSP\" width=\"150\" height=\"213\" \/><\/a><\/p>\n<p><a href=\"http:\/\/ssp.amu.edu.pl\/wp-content\/uploads\/2021\/07\/ssp-2021-01-00.pdf\">Contents<\/a><\/p>\n<p><strong>Miros\u0142aw Skar\u017cy\u0144ski<\/strong><br \/>\n<a href=\"http:\/\/ssp.amu.edu.pl\/wp-content\/uploads\/2021\/07\/ssp-2021-01-01.pdf\">Wykorzystanie jednostek p\u0142ywaj\u0105cych flotylli rzecznej do realizacji polityki bezpiecze\u0144stwa narodowego Republiki Serbii<\/a><\/p>\n<p><strong>Rafa\u0142 Kamprowski <\/strong><br \/>\n<a href=\"http:\/\/ssp.amu.edu.pl\/wp-content\/uploads\/2021\/07\/ssp-2021-01-02.pdf\">Polityka energetyczna w programach najwi\u0119kszych polskich partii politycznych w wyborach parlamentarnych w 2019 roku<\/a><\/p>\n<p><strong>Ewa Radomska <\/strong><br \/>\n<a href=\"http:\/\/ssp.amu.edu.pl\/wp-content\/uploads\/2021\/07\/ssp-2021-01-03.pdf\">Poziom rozwoju gospodarki cyfrowej i spo\u0142ecze\u0144stwa cyfrowego w Federacji Rosyjskiej \u2013 g\u0142\u00f3wne trendy i wyzwania <\/a><\/p>\n<p><strong>Andrzej Szczepa\u0144ski <\/strong><br \/>\n<a href=\"http:\/\/ssp.amu.edu.pl\/wp-content\/uploads\/2021\/07\/ssp-2021-01-04.pdf\">Towarzystwo Spo\u0142eczno-Kulturalne Niemc\u00f3w na \u015al\u0105sku Opolskim jako przyk\u0142ad organizacji mniejszo\u015bci niemieckiej (w kontek\u015bcie polityki etnicznej III RP) <\/a><\/p>\n<p><strong>Lucyna Rajca <\/strong><br \/>\n<a href=\"http:\/\/ssp.amu.edu.pl\/wp-content\/uploads\/2021\/07\/ssp-2021-01-05.pdf\">The position of mayor within local authority relations in Hungary and Poland in a comparative perspective <\/a><\/p>\n<p><strong>Nataliia Khoma, Ihor Vdovychyn <\/strong><br \/>\n<a href=\"http:\/\/ssp.amu.edu.pl\/wp-content\/uploads\/2021\/07\/ssp-2021-01-06.pdf\">EU Policy on Deepening Liberal Democracy: A Case Study of the Baltic States <\/a><\/p>\n<p><strong>Mykola Doroshko, Iuliia Tsyrfa <\/strong><br \/>\n<a href=\"http:\/\/ssp.amu.edu.pl\/wp-content\/uploads\/2021\/07\/ssp-2021-01-07.pdf\">Baltic \u2013 Black Sea Area as a Geopolitical Reality: Does It Exist? <\/a><\/p>\n<p><strong>Dorota Szaban, Piotr Michalak <\/strong><br \/>\n<a href=\"http:\/\/ssp.amu.edu.pl\/wp-content\/uploads\/2021\/07\/ssp-2021-01-08.pdf\">\u201eWielka rzecz umie\u0107 czeka\u0107\u2026\u201d. Analiza sposob\u00f3w realizacji polityki migracyjnej w do\u015bwiadczeniach tymczasowych migrant\u00f3w zarobkowych z Ukrainy w Polsce w perspektywie neoinstytucjonalnej <\/a><\/p>\n<p><a href=\"http:\/\/ssp.amu.edu.pl\/wp-content\/uploads\/2021\/07\/ssp-2021-01-09.pdf\"><strong>Book Reviews <\/strong> <\/a><br \/>\nBaltic-Black Sea Regionalisms. Patchworks and Networks at Europe\u2019s Eastern Margins, eds. Olga Bogdanova, Andrey Makarychev (Martyna Wo\u017aniak)<\/p>\n<p><a href=\"http:\/\/ssp.amu.edu.pl\/wp-content\/uploads\/2021\/07\/ssp-2021-01-10.pdf\"><strong>Contributors<\/strong><\/a><\/p>","protected":false},"excerpt":{"rendered":"<p>Vol. 1\/2021 Contents Miros\u0142aw Skar\u017cy\u0144ski Wykorzystanie jednostek p\u0142ywaj\u0105cych flotylli rzecznej do realizacji polityki bezpiecze\u0144stwa narodowego Republiki Serbii Rafa\u0142 Kamprowski Polityka energetyczna w programach najwi\u0119kszych polskich partii politycznych w wyborach parlamentarnych w 2019 roku Ewa Radomska Poziom rozwoju gospodarki cyfrowej i spo\u0142ecze\u0144stwa cyfrowego w Federacji Rosyjskiej \u2013 g\u0142\u00f3wne trendy i wyzwania Andrzej Szczepa\u0144ski Towarzystwo Spo\u0142eczno-Kulturalne Niemc\u00f3w [&hellip;]<\/p>\n","protected":false},"author":2,"featured_media":0,"parent":32,"menu_order":0,"comment_status":"closed","ping_status":"closed","template":"","meta":{"footnotes":""},"class_list":["post-1165","page","type-page","status-publish","hentry"],"_links":{"self":[{"href":"http:\/\/ssp.amu.edu.pl\/en\/wp-json\/wp\/v2\/pages\/1165","targetHints":{"allow":["GET"]}}],"collection":[{"href":"http:\/\/ssp.amu.edu.pl\/en\/wp-json\/wp\/v2\/pages"}],"about":[{"href":"http:\/\/ssp.amu.edu.pl\/en\/wp-json\/wp\/v2\/types\/page"}],"author":[{"embeddable":true,"href":"http:\/\/ssp.amu.edu.pl\/en\/wp-json\/wp\/v2\/users\/2"}],"replies":[{"embeddable":true,"href":"http:\/\/ssp.amu.edu.pl\/en\/wp-json\/wp\/v2\/comments?post=1165"}],"version-history":[{"count":5,"href":"http:\/\/ssp.amu.edu.pl\/en\/wp-json\/wp\/v2\/pages\/1165\/revisions"}],"predecessor-version":[{"id":1173,"href":"http:\/\/ssp.amu.edu.pl\/en\/wp-json\/wp\/v2\/pages\/1165\/revisions\/1173"}],"up":[{"embeddable":true,"href":"http:\/\/ssp.amu.edu.pl\/en\/wp-json\/wp\/v2\/pages\/32"}],"wp:attachment":[{"href":"http:\/\/ssp.amu.edu.pl\/en\/wp-json\/wp\/v2\/media?parent=1165"}],"curies":[{"name":"wp","href":"https:\/\/api.w.org\/{rel}","templated":true}]}}