{"id":1106,"date":"2021-02-07T20:43:29","date_gmt":"2021-02-07T19:43:29","guid":{"rendered":"http:\/\/ssp.amu.edu.pl\/?page_id=1106"},"modified":"2021-02-07T20:43:35","modified_gmt":"2021-02-07T19:43:35","slug":"nr-3-2020","status":"publish","type":"page","link":"http:\/\/ssp.amu.edu.pl\/en\/archive\/nr-3-2020\/","title":{"rendered":"Vol. 3\/2020"},"content":{"rendered":"<p><strong>Vol. 3\/2020<\/strong><\/p>\n<p><a href=\"http:\/\/ssp.amu.edu.pl\/wp-content\/uploads\/2020\/11\/ssp-2020-3-okl.jpg\"><img loading=\"lazy\" decoding=\"async\" class=\"alignright  wp-image-248\" src=\"http:\/\/ssp.amu.edu.pl\/wp-content\/uploads\/2020\/11\/ssp-2020-3-okl.jpg\" alt=\"Ok\u0142adka SSP\" width=\"150\" height=\"213\" \/><\/a><\/strong><\/p>\n<p><a href=\"http:\/\/ssp.amu.edu.pl\/wp-content\/uploads\/2020\/11\/ssp-2020-3-00.pdf\">Contents<\/a><\/p>\n<p><strong>Joanna Skrzypczy\u0144ska<\/strong><br \/>\n<a href=\"http:\/\/ssp.amu.edu.pl\/wp-content\/uploads\/2020\/11\/ssp-2020-3-01.pdf\">Polityka Unii Europejskiej wobec Rundy Rozwoju WTO<\/a><\/p>\n<p><strong>Sylwia Czubaj-Ku\u017amin <\/strong><br \/>\n<a href=\"http:\/\/ssp.amu.edu.pl\/wp-content\/uploads\/2020\/11\/ssp-2020-3-02.pdf\">Katy\u0144 Anniversaries in 1990\u20132010. The Position and Functions of Political Ritual in the Polish Culture of Remembrance. Research Report<\/a><\/p>\n<p><strong>Alicja St\u0119pie\u0144-Kuczy\u0144ska <\/strong><br \/>\n<a href=\"http:\/\/ssp.amu.edu.pl\/wp-content\/uploads\/2020\/11\/ssp-2020-3-03.pdf\">Mi\u0119dzy reformami a zmian\u0105 systemow\u0105 w ZSRR\/FR<\/a><\/p>\n<p><strong>Roman B\u00e4cker, Maria Lewandowska<\/strong><br \/>\n<a href=\"http:\/\/ssp.amu.edu.pl\/wp-content\/uploads\/2020\/11\/ssp-2020-3-04.pdf\">Dialog na \u0142amach tygodnik\u00f3w opinii w Polsce \u2013 rzeczywisto\u015b\u0107 czy mistyfikacja?<\/a><\/p>\n<p><strong>\u042e\u043b\u0438\u044f \u041d\u0435\u0441\u0442\u0435\u0440\u044f\u043a, \u0412\u043e\u0439\u0446\u0435\u0445 \u0426\u0438\u0441\u0430\u043a <\/strong><br \/>\n<a href=\"http:\/\/ssp.amu.edu.pl\/wp-content\/uploads\/2020\/11\/ssp-2020-3-05.pdf\">\u0413\u043e\u0441\u0443\u0434\u0430\u0440\u0441\u0442\u0432\u043e \u0438 \u043c\u0435\u0434\u0438\u0430 \u0432 \u043a\u043e\u043d\u0442\u0435\u043a\u0441\u0442\u0435 \u0433\u043b\u043e\u0431\u0430\u043b\u0438\u0437\u0430\u0446\u0438\u0438 \u043a\u043e\u043c\u043c\u0443\u043d\u0438\u043a\u0430\u0446\u0438\u043e\u043d\u043d\u043e\u0439 \u0441\u0438\u0441\u0442\u0435\u043c\u044b <\/a><\/p>\n<p><strong>Na\u0111a Beglerovi\u0107 <\/strong><br \/>\n<a href=\"http:\/\/ssp.amu.edu.pl\/wp-content\/uploads\/2020\/11\/ssp-2020-3-06.pdf\">Milorad Dodik\u2019s Use of Contentious Rhetoric in (De)constructing Bosnia and Herzegovina\u2019s Identity: A Discourse-Historical Analysis<\/a><\/p>\n<p><strong>Serhii danylenko, Sofiia shustenko<\/strong><br \/>\n<a href=\"http:\/\/ssp.amu.edu.pl\/wp-content\/uploads\/2020\/11\/ssp-2020-3-07.pdf\">Activities of the Council of Europe in ensuring the human right to information: issues of compliance with the modern challenges of democracy<\/a><\/p>\n<p><strong>Tinatini Dvalishvili <\/strong><br \/>\n<a href=\"http:\/\/ssp.amu.edu.pl\/wp-content\/uploads\/2020\/11\/ssp-2020-3-09.pdf\">Added Value of Cross-Border Cooperation (CBC) for the Georgia-Azerbaijan Border Regions <\/a><\/p>\n<p><strong>Stanis\u0142aw W\u00f3jcik<\/strong><br \/>\n<a href=\"http:\/\/ssp.amu.edu.pl\/wp-content\/uploads\/2020\/11\/ssp-2020-3-10.pdf\">Wsp\u00f3\u0142czesne pr\u00f3by opisania narodu. Typologia stanowisk<\/a><\/p>\n<p><a href=\"http:\/\/ssp.amu.edu.pl\/wp-content\/uploads\/2020\/11\/ssp-2020-3-11.pdf\"><strong>Contributors<\/strong><\/a><br \/>\n<\/p>","protected":false},"excerpt":{"rendered":"<p>Vol. 3\/2020 Contents Joanna Skrzypczy\u0144ska Polityka Unii Europejskiej wobec Rundy Rozwoju WTO Sylwia Czubaj-Ku\u017amin Katy\u0144 Anniversaries in 1990\u20132010. The Position and Functions of Political Ritual in the Polish Culture of Remembrance. Research Report Alicja St\u0119pie\u0144-Kuczy\u0144ska Mi\u0119dzy reformami a zmian\u0105 systemow\u0105 w ZSRR\/FR Roman B\u00e4cker, Maria Lewandowska Dialog na \u0142amach tygodnik\u00f3w opinii w Polsce \u2013 rzeczywisto\u015b\u0107 [&hellip;]<\/p>\n","protected":false},"author":2,"featured_media":0,"parent":32,"menu_order":0,"comment_status":"closed","ping_status":"closed","template":"","meta":{"footnotes":""},"class_list":["post-1106","page","type-page","status-publish","hentry"],"_links":{"self":[{"href":"http:\/\/ssp.amu.edu.pl\/en\/wp-json\/wp\/v2\/pages\/1106","targetHints":{"allow":["GET"]}}],"collection":[{"href":"http:\/\/ssp.amu.edu.pl\/en\/wp-json\/wp\/v2\/pages"}],"about":[{"href":"http:\/\/ssp.amu.edu.pl\/en\/wp-json\/wp\/v2\/types\/page"}],"author":[{"embeddable":true,"href":"http:\/\/ssp.amu.edu.pl\/en\/wp-json\/wp\/v2\/users\/2"}],"replies":[{"embeddable":true,"href":"http:\/\/ssp.amu.edu.pl\/en\/wp-json\/wp\/v2\/comments?post=1106"}],"version-history":[{"count":1,"href":"http:\/\/ssp.amu.edu.pl\/en\/wp-json\/wp\/v2\/pages\/1106\/revisions"}],"predecessor-version":[{"id":1107,"href":"http:\/\/ssp.amu.edu.pl\/en\/wp-json\/wp\/v2\/pages\/1106\/revisions\/1107"}],"up":[{"embeddable":true,"href":"http:\/\/ssp.amu.edu.pl\/en\/wp-json\/wp\/v2\/pages\/32"}],"wp:attachment":[{"href":"http:\/\/ssp.amu.edu.pl\/en\/wp-json\/wp\/v2\/media?parent=1106"}],"curies":[{"name":"wp","href":"https:\/\/api.w.org\/{rel}","templated":true}]}}