{"id":1015,"date":"2020-08-18T19:15:36","date_gmt":"2020-08-18T17:15:36","guid":{"rendered":"http:\/\/ssp.amu.edu.pl\/?page_id=1015"},"modified":"2020-08-18T19:15:36","modified_gmt":"2020-08-18T17:15:36","slug":"nr-1-2020","status":"publish","type":"page","link":"http:\/\/ssp.amu.edu.pl\/en\/archive\/nr-1-2020\/","title":{"rendered":"Vol. 1\/2020"},"content":{"rendered":"<p><strong>Vol. 1\/2020<\/strong><\/p>\n<p><a href=\"http:\/\/ssp.amu.edu.pl\/wp-content\/uploads\/2020\/04\/ssp-2020-1-okl.jpg\"><img loading=\"lazy\" decoding=\"async\" class=\"alignright  wp-image-248\" src=\"http:\/\/ssp.amu.edu.pl\/wp-content\/uploads\/2020\/04\/ssp-2020-1-okl.jpg\" alt=\"Ok\u0142adka SSP\" width=\"150\" height=\"213\" \/><\/a><\/strong><\/p>\n<p><a href=\"http:\/\/ssp.amu.edu.pl\/wp-content\/uploads\/2020\/04\/ssp-2020-1-00.pdf\">Contents<\/a><\/p>\n<p><strong>Krzysztof \u017b\u0119gota<\/strong><br \/>\n<a href=\"http:\/\/ssp.amu.edu.pl\/wp-content\/uploads\/2020\/04\/ssp-2020-1-01.pdf\">Polsko-rosyjska wsp\u00f3\u0142praca transgraniczna i relacje polsko-rosyjskie<br \/>\nw programach wybranych partii politycznych i deklaracjach ich<br \/>\nprzedstawicieli w wojew\u00f3dztwie warmi\u0144sko-mazurskim.<br \/>\nZarys analizy wynik\u00f3w bada\u0144 terenowych<\/a><\/p>\n<p><strong>Stanis\u0142aw W\u00f3jcik<\/strong><br \/>\n<a href=\"http:\/\/ssp.amu.edu.pl\/wp-content\/uploads\/2020\/04\/ssp-2020-1-02.pdf\">Samorz\u0105d terytorialny w perspektywie personalizmu spo\u0142ecznego<\/a><\/p>\n<p><strong>Arkadiusz Nyzio<\/strong><br \/>\n<a href=\"http:\/\/ssp.amu.edu.pl\/wp-content\/uploads\/2020\/04\/ssp-2020-1-03.pdf\">Stra\u017ce gminne \u2013 problemy, wyzwania i propozycje reform<\/a><\/p>\n<p><strong>Bogdan Koszel<\/strong><br \/>\n<a href=\"http:\/\/ssp.amu.edu.pl\/wp-content\/uploads\/2020\/04\/ssp-2020-1-04.pdf\">The European Union and the conflict in Ukraine (2014\u20132018)<\/a><\/p>\n<p><strong>Marek Tyra\u0142a<\/strong><br \/>\n<a href=\"http:\/\/ssp.amu.edu.pl\/wp-content\/uploads\/2020\/04\/ssp-2020-1-05.pdf\">Wp\u0142yw kultury politycznej na proces funkcjonowania demokracji<br \/>\nw Polsce w latach 2006\u20132018 <\/a><\/p>\n<p><strong>Marek Pogonowski<\/strong><br \/>\n<a href=\"http:\/\/ssp.amu.edu.pl\/wp-content\/uploads\/2020\/04\/ssp-2020-1-06.pdf\">Prewencja rentowa jako metoda przeciwdzia\u0142ania niezdolno\u015bci do pracy.<br \/>\nWybrane aspekty <\/a><\/p>\n<p><strong>Renata Gabryszak<\/strong><br \/>\n<a href=\"http:\/\/ssp.amu.edu.pl\/wp-content\/uploads\/2020\/04\/ssp-2020-1-07.pdf\">Spo\u0142eczny model niepe\u0142nosprawno\u015bci a lokalny system wsparcia os\u00f3b<br \/>\nniepe\u0142nosprawnych na przyk\u0142adzie dzia\u0142a\u0144 Miejskiego O\u015brodka Pomocy<br \/>\nRodzinie w Koszalinie w latach 2013\u20132016 <\/a><\/p>\n<p><strong>Krzysztof Tomaszewski<\/strong><br \/>\n<a href=\"http:\/\/ssp.amu.edu.pl\/wp-content\/uploads\/2020\/04\/ssp-2020-1-08.pdf\">Rola czynnika ludzkiego w kszta\u0142towaniu polityki energetycznej<br \/>\nwsp\u00f3\u0142czesnego pa\u0144stwa <\/a><\/p>\n<p><strong>Anna Sakson-Boulet<\/strong><br \/>\n<a href=\"http:\/\/ssp.amu.edu.pl\/wp-content\/uploads\/2020\/04\/ssp-2020-1-09.pdf\">The Clean Air Priority Programme \u2013 Evaluation and Perspectives<\/a><\/p>\n<p><strong>Grzegorz piwnicki<\/strong><br \/>\n<a href=\"http:\/\/ssp.amu.edu.pl\/wp-content\/uploads\/2020\/04\/ssp-2020-1-10.pdf\">Anomia jako kulturowy stan spo\u0142ecze\u0144stwa polskiego w czasach<br \/>\nnowo\u017cytnych praprzyczyn\u0105 dystopii integracji z Uni\u0105 Europejsk\u0105<\/a><\/p>\n<p><a href=\"http:\/\/ssp.amu.edu.pl\/wp-content\/uploads\/2020\/04\/ssp-2020-1-11.pdf\"><strong>Contributors<\/strong><\/a><br \/>\n<\/p>","protected":false},"excerpt":{"rendered":"<p>Vol. 1\/2020 Contents Krzysztof \u017b\u0119gota Polsko-rosyjska wsp\u00f3\u0142praca transgraniczna i relacje polsko-rosyjskie w programach wybranych partii politycznych i deklaracjach ich przedstawicieli w wojew\u00f3dztwie warmi\u0144sko-mazurskim. Zarys analizy wynik\u00f3w bada\u0144 terenowych Stanis\u0142aw W\u00f3jcik Samorz\u0105d terytorialny w perspektywie personalizmu spo\u0142ecznego Arkadiusz Nyzio Stra\u017ce gminne \u2013 problemy, wyzwania i propozycje reform Bogdan Koszel The European Union and the conflict in [&hellip;]<\/p>\n","protected":false},"author":2,"featured_media":0,"parent":32,"menu_order":0,"comment_status":"closed","ping_status":"closed","template":"","meta":{"footnotes":""},"class_list":["post-1015","page","type-page","status-publish","hentry"],"_links":{"self":[{"href":"http:\/\/ssp.amu.edu.pl\/en\/wp-json\/wp\/v2\/pages\/1015","targetHints":{"allow":["GET"]}}],"collection":[{"href":"http:\/\/ssp.amu.edu.pl\/en\/wp-json\/wp\/v2\/pages"}],"about":[{"href":"http:\/\/ssp.amu.edu.pl\/en\/wp-json\/wp\/v2\/types\/page"}],"author":[{"embeddable":true,"href":"http:\/\/ssp.amu.edu.pl\/en\/wp-json\/wp\/v2\/users\/2"}],"replies":[{"embeddable":true,"href":"http:\/\/ssp.amu.edu.pl\/en\/wp-json\/wp\/v2\/comments?post=1015"}],"version-history":[{"count":1,"href":"http:\/\/ssp.amu.edu.pl\/en\/wp-json\/wp\/v2\/pages\/1015\/revisions"}],"predecessor-version":[{"id":1016,"href":"http:\/\/ssp.amu.edu.pl\/en\/wp-json\/wp\/v2\/pages\/1015\/revisions\/1016"}],"up":[{"embeddable":true,"href":"http:\/\/ssp.amu.edu.pl\/en\/wp-json\/wp\/v2\/pages\/32"}],"wp:attachment":[{"href":"http:\/\/ssp.amu.edu.pl\/en\/wp-json\/wp\/v2\/media?parent=1015"}],"curies":[{"name":"wp","href":"https:\/\/api.w.org\/{rel}","templated":true}]}}