{"id":9,"date":"2013-06-11T09:21:35","date_gmt":"2013-06-11T07:21:35","guid":{"rendered":"http:\/\/wnpid.amu.edu.pl\/~ssp\/?page_id=9"},"modified":"2022-10-06T09:04:55","modified_gmt":"2022-10-06T07:04:55","slug":"review-procedure-and-list-of-reviewers","status":"publish","type":"page","link":"http:\/\/ssp.amu.edu.pl\/de\/review-procedure-and-list-of-reviewers\/","title":{"rendered":"Rezensionsverfahren und Verzeichnis der Rezensenten"},"content":{"rendered":"<p><\/p>\n<p style=\"text-align: justify;\">Rezensionsverfahren und Rezensentenverzeichnis<\/p>\n<p style=\"text-align: justify;\">1. Die Redaktion von \u201e\u015arodkowoeuropejskie Studia Polityczne\u201d (\u201eMitteleurop\u00e4ische Politische Studien\u201d) f\u00fchrt die Vorausscheidung der gesandten Texte durch, indem sie die \u00dcbereinstimmung der Artikelthematik mit dem Profil des Jahrbuches und die \u00dcbereinstimmung mit den Redaktionsanforderungen untersucht.<br \/>\n2. Die vorl\u00e4ufig anerkannten Texte werden zur Rezension an die zwei Personen unter den Rezensenten, deren Namen sich auf der Liste der mit der Redaktion zusammenarbeitenden Rezensenten befinden, weitergeleitet. Falls der Text in der Fremdsprache verfasst wird, wird ein Rezensent in der ausl\u00e4ndischen Institution affiert. Die Namen der Rezensenten der einzelnen Texte werden nicht bekannt gegeben.<br \/>\n3. Im Rezensionsverfahren wird die Anonymit\u00e4t sowohl des Autors, als auch der Rezensenten gew\u00e4hrleistet (double-blind review process).<br \/>\n4. Bei der Bewertung des Textes f\u00fcllen die Rezensenten ein Rezensionsformular aus. Das Rezensionsformular ist auf der Internetseite der Fachzeitschrift verf\u00fcgbar.<br \/>\n5. Die Rezension hat eine meinungsbildende Funktion, was bedeutet, dass die endg\u00fcltige Entscheidung, ob der Text in Druck genommen wird, vom Rat des Jahrbuches getroffen wird.<br \/>\n6. Die einzelheitlichen Regeln \u00fcber die Rezensionen der Artikel entsprechen den Richtlinien des Ministeriums f\u00fcr Wissenschaft, die im folgenden Flugblatt enthalten sind &#8220;Dobre praktyki w procedurach recenzyjnych w nauce&#8221; (\u201e<a href=\"https:\/\/www.bip.pw.edu.pl\/var\/pw\/storage\/original\/application\/3d3a13cde636e6b62714d98f22aee73f.pdf\">Gute Praxis in den Rezensionsverfahren in der Wissenschaft<\/a>\u201d)<\/p>\n<p style=\"text-align: justify;\"><strong>Liste der Rezensenten<\/strong><\/p>\n<ol>\n<li>Janusz Adamowski<\/li>\n<li>Roman B\u00e4cker<\/li>\n<li>Stanis\u0142aw Biele\u0144<\/li>\n<li>Andrzej Chodubski<\/li>\n<li>Yonhyok Choe<\/li>\n<li>Aniela Dylus<\/li>\n<li>Andrzej G\u0105siorowski<\/li>\n<li>Tadeusz Godlewski<\/li>\n<li>Tomasz Herzog<\/li>\n<li>Jan Iwanek<\/li>\n<li>Karol B. Janowski<\/li>\n<li>Helmut Juros<\/li>\n<li>Kazimierz Kik<\/li>\n<li>Barbara Krauz-Mozer<\/li>\n<li>Teresa \u0141o\u015b-Nowak<\/li>\n<li>Andrzej Mania<\/li>\n<li>Maria Marczewska-Rytko<\/li>\n<li>Tadeusz Mo\u0142dawa<\/li>\n<li>Yuliya Nesteriak<\/li>\n<li>Bernadetta Nitschke<\/li>\n<li>Marek Pietra\u015b<\/li>\n<li>Janusz Ruszkowski<\/li>\n<li>Jerzy Sielski<\/li>\n<li>El\u017cbieta Stadtm\u00fcller<\/li>\n<li>Alicja St\u0119pie\u0144-Kuczy\u0144ska<\/li>\n<li>Stanis\u0142aw Sulowski<\/li>\n<li>Gra\u017cyna Ulicka<\/li>\n<li>Marian Wola\u0144ski<\/li>\n<li>Konstanty Adam Wojtaszczyk<\/li>\n<li>Stanis\u0142aw W\u00f3jcik<\/li>\n<li>Sylwester Wr\u00f3bel<\/li>\n<li>Ryszard Zi\u0119ba<\/li>\n<li>Arkadiusz \u017bukowski<\/li>\n<li>Zhetpisbay Bekbolatuly<\/li>\n<li>Dosan Baimolda<\/li>\n<li>Aigul Nijasgulova<\/li>\n<li>Maksymilian W. Kirczanov<\/li>\n<li>Sviet\u0142ana Soroka<\/li>\n<li>Aleksander A. Slinko<\/li>\n<li>Nina Berven<\/li>\n<li>Kjetl Lundberg<\/li>\n<li>Witold Ostant<\/li>\n<\/ol>\n<p><\/p>","protected":false},"excerpt":{"rendered":"<p>Rezensionsverfahren und Rezensentenverzeichnis 1. Die Redaktion von \u201e\u015arodkowoeuropejskie Studia Polityczne\u201d (\u201eMitteleurop\u00e4ische Politische Studien\u201d) f\u00fchrt die Vorausscheidung der gesandten Texte durch, indem sie die \u00dcbereinstimmung der Artikelthematik mit dem Profil des Jahrbuches und die \u00dcbereinstimmung mit den Redaktionsanforderungen untersucht. 2. Die vorl\u00e4ufig anerkannten Texte werden zur Rezension an die zwei Personen unter den Rezensenten, deren Namen [&hellip;]<\/p>\n","protected":false},"author":1,"featured_media":0,"parent":0,"menu_order":0,"comment_status":"closed","ping_status":"open","template":"","meta":{"footnotes":""},"class_list":["post-9","page","type-page","status-publish","hentry"],"_links":{"self":[{"href":"http:\/\/ssp.amu.edu.pl\/de\/wp-json\/wp\/v2\/pages\/9","targetHints":{"allow":["GET"]}}],"collection":[{"href":"http:\/\/ssp.amu.edu.pl\/de\/wp-json\/wp\/v2\/pages"}],"about":[{"href":"http:\/\/ssp.amu.edu.pl\/de\/wp-json\/wp\/v2\/types\/page"}],"author":[{"embeddable":true,"href":"http:\/\/ssp.amu.edu.pl\/de\/wp-json\/wp\/v2\/users\/1"}],"replies":[{"embeddable":true,"href":"http:\/\/ssp.amu.edu.pl\/de\/wp-json\/wp\/v2\/comments?post=9"}],"version-history":[{"count":19,"href":"http:\/\/ssp.amu.edu.pl\/de\/wp-json\/wp\/v2\/pages\/9\/revisions"}],"predecessor-version":[{"id":1312,"href":"http:\/\/ssp.amu.edu.pl\/de\/wp-json\/wp\/v2\/pages\/9\/revisions\/1312"}],"wp:attachment":[{"href":"http:\/\/ssp.amu.edu.pl\/de\/wp-json\/wp\/v2\/media?parent=9"}],"curies":[{"name":"wp","href":"https:\/\/api.w.org\/{rel}","templated":true}]}}