{"id":7,"date":"2013-06-11T09:19:01","date_gmt":"2013-06-11T07:19:01","guid":{"rendered":"http:\/\/wnpid.amu.edu.pl\/~ssp\/?page_id=7"},"modified":"2022-09-25T20:51:12","modified_gmt":"2022-09-25T18:51:12","slug":"contact","status":"publish","type":"page","link":"http:\/\/ssp.amu.edu.pl\/de\/contact\/","title":{"rendered":"Kontakt"},"content":{"rendered":"<p><strong>Kontakt <\/strong><\/p>\n<p>Redaktion von \u201e\u015arodkowoeuropejskie Studia Polityczne\u201d (\u201eMitteleurop\u00e4ische Politische Studien\u201d), Fakult\u00e4t f\u00fcr politische Wissenschaften und Journalistik der A. Mickiewicz Universit\u00e4t<br \/>\nUniwersytetu Pozna\u0144skiego 5<br \/>\n61-614 Pozna\u0144<br \/>\nwww-Seite: <a href=\"http:\/\/ssp.amu.edu.pl\/\">http:\/\/ssp.amu.edu.pl\/<\/a><\/p>\n<p><strong>Abonnement<\/strong><\/p>\n<p>Um die Zeitschrift zu abonnieren wenden Sie sich bitte an: E-Mail: <a href=\"mailto:krystyna.tyczewska@amu.edu.pl\">krystyna.tyczewska@amu.edu.pl<\/a><br \/>\nTelefon: +48 61 829 6517<br \/>\nWissenschaftlicher Verlag &#8220;Wydawnictwo Naukowe Wydzia\u0142u Nauk Politycznych i Dziennikarstwa UAM&#8221;<\/p>","protected":false},"excerpt":{"rendered":"<p>Kontakt Redaktion von \u201e\u015arodkowoeuropejskie Studia Polityczne\u201d (\u201eMitteleurop\u00e4ische Politische Studien\u201d), Fakult\u00e4t f\u00fcr politische Wissenschaften und Journalistik der A. Mickiewicz Universit\u00e4t Uniwersytetu Pozna\u0144skiego 5 61-614 Pozna\u0144 www-Seite: http:\/\/ssp.amu.edu.pl\/ Abonnement Um die Zeitschrift zu abonnieren wenden Sie sich bitte an: E-Mail: krystyna.tyczewska@amu.edu.pl Telefon: +48 61 829 6517 Wissenschaftlicher Verlag &#8220;Wydawnictwo Naukowe Wydzia\u0142u Nauk Politycznych i Dziennikarstwa UAM&#8221;<\/p>\n","protected":false},"author":1,"featured_media":0,"parent":0,"menu_order":0,"comment_status":"closed","ping_status":"open","template":"","meta":{"footnotes":""},"class_list":["post-7","page","type-page","status-publish","hentry"],"_links":{"self":[{"href":"http:\/\/ssp.amu.edu.pl\/de\/wp-json\/wp\/v2\/pages\/7","targetHints":{"allow":["GET"]}}],"collection":[{"href":"http:\/\/ssp.amu.edu.pl\/de\/wp-json\/wp\/v2\/pages"}],"about":[{"href":"http:\/\/ssp.amu.edu.pl\/de\/wp-json\/wp\/v2\/types\/page"}],"author":[{"embeddable":true,"href":"http:\/\/ssp.amu.edu.pl\/de\/wp-json\/wp\/v2\/users\/1"}],"replies":[{"embeddable":true,"href":"http:\/\/ssp.amu.edu.pl\/de\/wp-json\/wp\/v2\/comments?post=7"}],"version-history":[{"count":12,"href":"http:\/\/ssp.amu.edu.pl\/de\/wp-json\/wp\/v2\/pages\/7\/revisions"}],"predecessor-version":[{"id":1304,"href":"http:\/\/ssp.amu.edu.pl\/de\/wp-json\/wp\/v2\/pages\/7\/revisions\/1304"}],"wp:attachment":[{"href":"http:\/\/ssp.amu.edu.pl\/de\/wp-json\/wp\/v2\/media?parent=7"}],"curies":[{"name":"wp","href":"https:\/\/api.w.org\/{rel}","templated":true}]}}