{"id":372,"date":"2014-12-09T16:59:08","date_gmt":"2014-12-09T15:59:08","guid":{"rendered":"http:\/\/ssp.amu.edu.pl\/?page_id=372"},"modified":"2026-02-10T12:37:10","modified_gmt":"2026-02-10T11:37:10","slug":"dobre-praktyki","status":"publish","type":"page","link":"http:\/\/ssp.amu.edu.pl\/de\/dobre-praktyki\/","title":{"rendered":"Bew\u00e4hrte Praktiken"},"content":{"rendered":"<p><\/ol>\n<\/li>\n<\/ol>\n<p style=\"text-align: center;\"><strong>Bew\u00e4hrte Praktiken im Ver\u00f6ffentlichungsprozess<\/strong><br \/>\n<strong>in der Zeitschrift &#8220;Central European Political Studies&#8221; ISSN 1426-8876<\/strong><\/p>\n<p>Die angegebenen Zust\u00e4ndigkeiten der Redakteure, Autoren und Gutachter von Central European Political Studies beruhen auf dem Dokument <a href=\"https:\/\/publicationethics.org\/files\/2008%20Code%20of%20Conduct.pdf\">COPE Code of Conduct<\/a>, <a href=\"https:\/\/publicationethics.org\/files\/u7141\/1999pdf13.pdf\">Guidelines on Good Publication Practice<\/a>, <a href=\"https:\/\/publicationethics.org\/files\/Code_of_conduct_for_journal_editors_Mar11.pdf\">Code of Conduct and Best Practices Guidelines for Journal Editors<\/a>.<\/p>\n<p><strong>Ver\u00f6ffentlichung Ethik- und Fehlverhaltenserkl\u00e4rung<\/strong><\/p>\n<p>Ver\u00f6ffentlichung Ethik- und Fehlverhaltenserkl\u00e4rung f\u00fcr die \u201e\u015arodkowoeuropejskie Studia Polityczne\u201c ISSN 1426-8876<\/p>\n<p>Die \u201e\u015arodkowoeuropejskie Studia Polityczne\u201c bietet ein Forum f\u00fcr die Pr\u00e4sentation von Forschungsergebnissen, Gedankenaustausch und Diskussionen \u00fcber Theorie und Praxis, die die Politikwissenschaft heute ausmachen. Die ver\u00f6ffentlichten Artikel und Rezensionen stammen von Autoren aus ganz Polen und dem Ausland.<\/p>\n<p>Der Redaktionsausschuss von \u201e\u015arodkowoeuropejskie Studia Polityczne\u201c ist unter anderem daf\u00fcr zust\u00e4ndig, Publikationsmissbrauch zu verhindern. Unethisches Verhalten ist inakzeptabel und die Redaktion von \u201e\u015arodkowoeuropejskie Studia Polityczne\u201c toleriert keinerlei Plagiate.<\/p>\n<p>Autoren, die Artikel einreichen, m\u00fcssen versichern, dass der Manuskriptinhalt original ist. Dar\u00fcber hinaus sind die Autoren der zur Ver\u00f6ffentlichung empfohlenen Artikel verpflichtet, zu versichern, dass es sich bei ihrem Artikel um eine Originalarbeit handelt und diese nicht anderweitig ver\u00f6ffentlicht, eingereicht oder in irgendeiner Form angenommen wurde.<\/p>\n<p>Die folgenden Pflichten f\u00fcr Herausgeber, Autoren und Gutachter innerhalb der \u201e\u015arodkowoeuropejskie Studia Polityczne\u201c basieren auf dem COPE-Verhaltenskodex.<\/p>\n<p>Das Team \u201e\u015arodkowoeuropejskie Studia Polityczne\u201c verpflichtet sich uneingeschr\u00e4nkt zur guten Ver\u00f6ffentlichungspraxis und \u00fcbernimmt die Verantwortung f\u00fcr die Erf\u00fcllung der Pflichten und Verantwortlichkeiten, wie sie im COPE-Verhaltenskodex festgelegt sind.<\/p>\n<p>&nbsp;<\/p>\n<p><strong>PFLICHTEN DES HERAUSGEBERS<\/strong><\/p>\n<ol start=\"7\">\n<li style=\"list-style-type: none;\">\n<ol start=\"7\">\n<li style=\"list-style-type: none;\">\n<ol>\n<li><b>Ver\u00f6ffentlichungsentscheidungen<\/b><\/li>\n<\/ol>\n<\/li>\n<\/ol>\n<\/li>\n<\/ol>\n<p>Basierend auf der \u00dcberpr\u00fcfung durch die Redaktion kann der Herausgeber das Manuskript annehmen oder ablehnen oder es zur \u00c4nderung einsenden.<\/p>\n<ol start=\"7\">\n<li style=\"list-style-type: none;\">\n<ol start=\"7\">\n<li style=\"list-style-type: none;\">\n<ol start=\"2\">\n<li><b>\u00dcberpr\u00fcfung der Manuskripte<\/b><\/li>\n<\/ol>\n<\/li>\n<\/ol>\n<\/li>\n<\/ol>\n<p>Der Herausgeber hat daf\u00fcr Sorge zu tragen, dass jedes Manuskript zun\u00e4chst durch den Herausgeber evaluiert wird, der gegebenenfalls geeignete Mittel einsetzt, um die inhaltliche Originalit\u00e4t des Manuskripts zu pr\u00fcfen. Nach bestandener Pr\u00fcfung wird das Manuskript zwei Gutachtern zur Doppelblindbegutachtung vorgelegt, die jeweils eine Empfehlung zur Ver\u00f6ffentlichung des Manuskripts in der vorliegenden Form oder zur \u00c4nderung oder Ablehnung abgeben.<\/p>\n<ol start=\"7\">\n<li style=\"list-style-type: none;\">\n<ol start=\"7\">\n<li style=\"list-style-type: none;\">\n<ol start=\"3\">\n<li><b>Faire Bewertung<\/b><\/li>\n<\/ol>\n<\/li>\n<\/ol>\n<\/li>\n<\/ol>\n<p>Der Herausgeber stellt sicher, dass jedes Manuskript, das bei der \u201e\u015arodkowoeuropejskie Studia Polityczne\u201c eingegangen ist, auf seinen intellektuellen Inhalt gepr\u00fcft wird, ohne R\u00fccksicht auf Geschlecht, Geschlecht, Rasse, Religion, Staatsb\u00fcrgerschaft usw. des Autors.<\/p>\n<ol start=\"7\">\n<li style=\"list-style-type: none;\">\n<ol start=\"7\">\n<li style=\"list-style-type: none;\">\n<ol start=\"4\">\n<li><b>Vertraulichkeit<\/b><\/li>\n<\/ol>\n<\/li>\n<\/ol>\n<\/li>\n<\/ol>\n<p>Der Herausgeber hat sicherzustellen, dass Informationen \u00fcber von den Autoren eingereichte Manuskripte vertraulich behandelt werden.<\/p>\n<ol start=\"7\">\n<li style=\"list-style-type: none;\">\n<ol start=\"7\">\n<li style=\"list-style-type: none;\">\n<ol start=\"5\">\n<li><b>Offenlegung und Interessenkonflikte<\/b><\/li>\n<\/ol>\n<\/li>\n<\/ol>\n<\/li>\n<\/ol>\n<p>Der Herausgeber der \u201e\u015arodkowoeuropejskie Studia Polityczne\u201c darf unver\u00f6ffentlichte Materialien, die in eingereichten Manuskripten offengelegt wurden, nicht ohne vorherige schriftliche Zustimmung des\/der Autor(s) f\u00fcr seine\/ihre eigene Forschung verwenden.<\/p>\n<p>&nbsp;<\/p>\n<p><strong>PFLICHTEN DER AUTOREN<\/strong><\/p>\n<ol start=\"7\">\n<li style=\"list-style-type: none;\">\n<ol start=\"7\">\n<li style=\"list-style-type: none;\">\n<ol>\n<li><b>Berichtsstandards<\/b><\/li>\n<\/ol>\n<\/li>\n<\/ol>\n<\/li>\n<\/ol>\n<p>Autoren sollten ihre urspr\u00fcngliche Forschung genau darstellen und ihre Bedeutung objektiv diskutieren. Die Manuskripte folgen den redaktionellen Anforderungen der Einreichungsrichtlinien der \u201e\u015arodkowoeuropejskie Studia Polityczne\u201c.<\/p>\n<ol start=\"7\">\n<li style=\"list-style-type: none;\">\n<ol start=\"7\">\n<li style=\"list-style-type: none;\">\n<ol start=\"2\">\n<li><b>Originalit\u00e4t<\/b><\/li>\n<\/ol>\n<\/li>\n<\/ol>\n<\/li>\n<\/ol>\n<p>Autoren m\u00fcssen sicherstellen, dass ihre Arbeit vollst\u00e4ndig original ist.<\/p>\n<ol start=\"7\">\n<li style=\"list-style-type: none;\">\n<ol start=\"7\">\n<li style=\"list-style-type: none;\">\n<ol start=\"3\">\n<li><b>Mehrfache, redundante oder gleichzeitige Ver\u00f6ffentlichung<\/b><\/li>\n<\/ol>\n<\/li>\n<\/ol>\n<\/li>\n<\/ol>\n<p>Der Autor sollte dasselbe Manuskript nicht gleichzeitig bei mehr als einer Zeitschrift einreichen. Es wird auch erwartet, dass der\/die Autor(en) keine redundanten Manuskripte oder Manuskripte, die dieselbe Forschung beschreiben, an mehreren Ver\u00f6ffentlichungsorten ver\u00f6ffentlichen, nachdem das urspr\u00fcngliche Manuskript zur Ver\u00f6ffentlichung angenommen wurde.<\/p>\n<ol start=\"7\">\n<li style=\"list-style-type: none;\">\n<ol start=\"7\">\n<li style=\"list-style-type: none;\">\n<ol start=\"4\">\n<li><b>Quellenangabe<\/b><\/li>\n<\/ol>\n<\/li>\n<\/ol>\n<\/li>\n<\/ol>\n<p>Autor(en) sollten alle Datenquellen angeben, die in der Forschung verwendet wurden, und Ver\u00f6ffentlichungen zitieren, die Einfluss auf die Forschungsarbeit hatten.<\/p>\n<ol start=\"7\">\n<li style=\"list-style-type: none;\">\n<ol start=\"7\">\n<li style=\"list-style-type: none;\">\n<ol start=\"5\">\n<li><b>Urheberschaft des Papiers<\/b><\/li>\n<\/ol>\n<\/li>\n<\/ol>\n<\/li>\n<\/ol>\n<p>Die Autorenschaft sollte nur auf diejenigen beschr\u00e4nkt werden, die einen wesentlichen Beitrag zur Konzeption, Gestaltung, Durchf\u00fchrung und\/oder Interpretation der eingereichten Studie geleistet haben. Andere, die einen wesentlichen Beitrag geleistet haben, sollten als Co-Autoren aufgef\u00fchrt werden. Autoren sollten auch sicherstellen, dass alle Autoren und Co-Autoren die endg\u00fcltige eingereichte Version des Manuskripts und ihre Aufnahme als Co-Autoren gesehen und genehmigt haben.<\/p>\n<ol start=\"7\">\n<li style=\"list-style-type: none;\">\n<ol start=\"7\">\n<li style=\"list-style-type: none;\">\n<ol start=\"6\">\n<li><b>Datenzugriff und -aufbewahrung<\/b><\/li>\n<\/ol>\n<\/li>\n<\/ol>\n<\/li>\n<\/ol>\n<p>Autoren sollten Rohdaten zu ihrem Manuskript zur redaktionellen \u00dcberpr\u00fcfung bereitstellen und m\u00fcssen diese Daten aufbewahren.<\/p>\n<ol start=\"7\">\n<li style=\"list-style-type: none;\">\n<ol start=\"7\">\n<li style=\"list-style-type: none;\">\n<ol start=\"7\">\n<li><b>Offenlegung der finanziellen Unterst\u00fctzung<\/b><\/li>\n<\/ol>\n<\/li>\n<\/ol>\n<\/li>\n<\/ol>\n<p>Alle Quellen der finanziellen Unterst\u00fctzung, falls vorhanden, sollten klar offengelegt werden.<\/p>\n<ol start=\"7\">\n<li style=\"list-style-type: none;\">\n<ol start=\"7\">\n<li style=\"list-style-type: none;\">\n<ol start=\"8\">\n<li><b>Grundlegende Fehler in ver\u00f6ffentlichten Arbeiten<\/b><\/li>\n<\/ol>\n<\/li>\n<\/ol>\n<\/li>\n<\/ol>\n<p>Wenn ein Autor einen wesentlichen Fehler oder eine Ungenauigkeit in seinem eingereichten Manuskript entdeckt, muss der Fehler oder die Ungenauigkeit dem Herausgeber gemeldet werden.<\/p>\n<p>&nbsp;<\/p>\n<p><strong>PFLICHTEN DER PR\u00dcFER<\/strong><\/p>\n<ol start=\"7\">\n<li style=\"list-style-type: none;\">\n<ol start=\"7\">\n<li style=\"list-style-type: none;\">\n<ol>\n<li><b>Vertraulichkeit<\/b><\/li>\n<\/ol>\n<\/li>\n<\/ol>\n<\/li>\n<\/ol>\n<p>Manuskriptgutachter, Herausgeber und Redaktion d\u00fcrfen keine Informationen \u00fcber eingereichte Manuskripte preisgeben. Alle eingereichten Manuskripte sind als vertrauliche Information zu behandeln.<\/p>\n<ol start=\"7\">\n<li style=\"list-style-type: none;\">\n<ol start=\"7\">\n<li style=\"list-style-type: none;\">\n<ol start=\"2\">\n<li><b>Quellenangabe<\/b><\/li>\n<\/ol>\n<\/li>\n<\/ol>\n<\/li>\n<\/ol>\n<p>Manuskriptpr\u00fcfer m\u00fcssen sicherstellen, dass die Autoren alle Datenquellen angegeben haben, die in der Forschung verwendet wurden. Jede Art von \u00c4hnlichkeit oder \u00dcberschneidung zwischen den betrachteten Manuskripten oder mit anderen ver\u00f6ffentlichten Arbeiten, von denen der Gutachter pers\u00f6nliche Kenntnis hat, muss dem Herausgeber unverz\u00fcglich mitgeteilt werden.<\/p>\n<ol start=\"7\">\n<li style=\"list-style-type: none;\">\n<ol start=\"7\">\n<li style=\"list-style-type: none;\">\n<ol start=\"3\">\n<li><b>Standards der Objektivit\u00e4t<\/b><\/li>\n<\/ol>\n<\/li>\n<\/ol>\n<\/li>\n<\/ol>\n<p>Die \u00dcberpr\u00fcfung der eingereichten Manuskripte erfolgt objektiv und die Gutachter m\u00fcssen ihre Ansichten klar und mit unterst\u00fctzenden Argumenten zum Ausdruck bringen.<\/p>\n<ol start=\"7\">\n<li style=\"list-style-type: none;\">\n<ol start=\"7\">\n<li style=\"list-style-type: none;\">\n<ol start=\"4\">\n<li><b>Schnelligkeit<\/b><\/li>\n<\/ol>\n<\/li>\n<\/ol>\n<\/li>\n<\/ol>\n<p>Wenn ein Gutachter der Ansicht ist, dass es ihm\/ihr nicht m\u00f6glich ist, die in einem Manuskript berichtete Forschung innerhalb der festgelegten Richtlinien oder innerhalb der festgelegten Zeit zu pr\u00fcfen, sollte er\/sie den Herausgeber benachrichtigen, damit eine genaue und rechtzeitige Pr\u00fcfung sichergestellt werden kann.<\/p>\n<ol start=\"7\">\n<li style=\"list-style-type: none;\">\n<ol start=\"7\">\n<li style=\"list-style-type: none;\">\n<ol start=\"5\">\n<li><b>Interessenkonflikt<\/b><\/li>\n<\/ol>\n<\/li>\n<\/ol>\n<\/li>\n<\/ol>\n<p>Alle Gutachter sollten in keinem Interessenkonflikt in Bezug auf die Forschung, die Autoren und\/oder die F\u00f6rdereinrichtungen stehen.<\/p>\n<p>&nbsp;<\/p>\n<p><b>ANTI-PLAGIAT-VERFAHREN<\/b><\/p>\n<p>Um die hohe Qualit\u00e4t der Artikel und Rezensionen sowie hohe ethische Standards aufrechtzuerhalten, weist die Redaktion von \u015arodkowoeuropejskie Studia Polityczne [Mitteleurop\u00e4ische Politikstudien] darauf hin, dass f\u00fcr das Verfahren zur Einreichung von Artikeln\/Rezensionen (im Folgenden: Artikel) die folgenden Regeln gelten. :<\/p>\n<p>1. Bei Ver\u00f6ffentlichungen eingereichte Artikel, bei denen angenommen wird, dass sie Anzeichen von Plagiaten enthalten, werden abgelehnt.<\/p>\n<p>2. Der Autor, der einen Artikel zur Ver\u00f6ffentlichung einreicht, erkl\u00e4rt, dass der Artikel keinem vergleichbaren Verfahren in einer anderen Zeitschrift oder in anderer Form unterliegt.<\/p>\n<p>3. Mit der Einreichung eines Artikels erkl\u00e4rt der Autor, dass in Bezug auf den eingereichten Artikel kein Interessenkonflikt in irgendeiner Form besteht.<\/p>\n<p>4. Kommentare der Gutachter\/Gutachter, die sich auf m\u00f6gliche Plagiatspraktiken beziehen, k\u00f6nnen dazu f\u00fchren, dass die Redaktion den Antrag ablehnt. Bei Verdacht auf einen Versto\u00df gegen die guten Ver\u00f6ffentlichungspraktiken kann die Redaktion einen zus\u00e4tzlichen Gutachter ernennen, dessen Aufgabe darin besteht, die Kommentare des Gutachters im Hinblick auf m\u00f6gliche Plagiatspraktiken zu \u00fcberpr\u00fcfen. Die endg\u00fcltige Entscheidung hierzu trifft die Redaktion.<\/p>\n<p>5. Wenn nach der Ver\u00f6ffentlichung des Artikels Hinweise auf einen Versto\u00df gegen die gute Ver\u00f6ffentlichungspraxis bekannt werden, ist der Autor verpflichtet, unverz\u00fcglich eine entsprechende Korrektur vorzubereiten und eine entsprechende Information\/Erl\u00e4uterung wird in der n\u00e4chsten Ausgabe der Zeitschrift ver\u00f6ffentlicht.<br \/>\n<\/p>","protected":false},"excerpt":{"rendered":"<p>Bew\u00e4hrte Praktiken im Ver\u00f6ffentlichungsprozess in der Zeitschrift &#8220;Central European Political Studies&#8221; ISSN 1426-8876 Die angegebenen Zust\u00e4ndigkeiten der Redakteure, Autoren und Gutachter von Central European Political Studies beruhen auf dem Dokument COPE Code of Conduct, Guidelines on Good Publication Practice, Code of Conduct and Best Practices Guidelines for Journal Editors. Ver\u00f6ffentlichung Ethik- und Fehlverhaltenserkl\u00e4rung Ver\u00f6ffentlichung Ethik- [&hellip;]<\/p>\n","protected":false},"author":2,"featured_media":0,"parent":0,"menu_order":0,"comment_status":"closed","ping_status":"open","template":"","meta":{"footnotes":""},"class_list":["post-372","page","type-page","status-publish","hentry"],"_links":{"self":[{"href":"http:\/\/ssp.amu.edu.pl\/de\/wp-json\/wp\/v2\/pages\/372","targetHints":{"allow":["GET"]}}],"collection":[{"href":"http:\/\/ssp.amu.edu.pl\/de\/wp-json\/wp\/v2\/pages"}],"about":[{"href":"http:\/\/ssp.amu.edu.pl\/de\/wp-json\/wp\/v2\/types\/page"}],"author":[{"embeddable":true,"href":"http:\/\/ssp.amu.edu.pl\/de\/wp-json\/wp\/v2\/users\/2"}],"replies":[{"embeddable":true,"href":"http:\/\/ssp.amu.edu.pl\/de\/wp-json\/wp\/v2\/comments?post=372"}],"version-history":[{"count":16,"href":"http:\/\/ssp.amu.edu.pl\/de\/wp-json\/wp\/v2\/pages\/372\/revisions"}],"predecessor-version":[{"id":1660,"href":"http:\/\/ssp.amu.edu.pl\/de\/wp-json\/wp\/v2\/pages\/372\/revisions\/1660"}],"wp:attachment":[{"href":"http:\/\/ssp.amu.edu.pl\/de\/wp-json\/wp\/v2\/media?parent=372"}],"curies":[{"name":"wp","href":"https:\/\/api.w.org\/{rel}","templated":true}]}}