{"id":21,"date":"2013-06-11T13:55:11","date_gmt":"2013-06-11T11:55:11","guid":{"rendered":"http:\/\/wnpid.amu.edu.pl\/~ssp\/?page_id=21"},"modified":"2022-10-06T09:05:50","modified_gmt":"2022-10-06T07:05:50","slug":"rada-naukowa","status":"publish","type":"page","link":"http:\/\/ssp.amu.edu.pl\/de\/rada-naukowa\/","title":{"rendered":"wissenschaftlicher Rat"},"content":{"rendered":"<p>Tadeusz Wallas (Vorsitzender, Polen) \u2013 Adam-Mickiewicz-Universit\u00e4t in Posen<\/p>\n<p>Tadeusz Bodio (Polen) &#8211; Universit\u00e4t Warschau<\/p>\n<p>Jochen Franzke (Deutschland) &#8211; Universit\u00e4t Potsdam<\/p>\n<p>W\u0142odymyr Rizun (Ukraine) &#8211; Nationale Taras-Schewtschenko-Universit\u00e4t Kiew<br \/>\n<\/p>","protected":false},"excerpt":{"rendered":"<p>Tadeusz Wallas (Vorsitzender, Polen) \u2013 Adam-Mickiewicz-Universit\u00e4t in Posen Tadeusz Bodio (Polen) &#8211; Universit\u00e4t Warschau Jochen Franzke (Deutschland) &#8211; Universit\u00e4t Potsdam W\u0142odymyr Rizun (Ukraine) &#8211; Nationale Taras-Schewtschenko-Universit\u00e4t Kiew<\/p>\n","protected":false},"author":1,"featured_media":0,"parent":0,"menu_order":0,"comment_status":"closed","ping_status":"open","template":"","meta":{"footnotes":""},"class_list":["post-21","page","type-page","status-publish","hentry"],"_links":{"self":[{"href":"http:\/\/ssp.amu.edu.pl\/de\/wp-json\/wp\/v2\/pages\/21","targetHints":{"allow":["GET"]}}],"collection":[{"href":"http:\/\/ssp.amu.edu.pl\/de\/wp-json\/wp\/v2\/pages"}],"about":[{"href":"http:\/\/ssp.amu.edu.pl\/de\/wp-json\/wp\/v2\/types\/page"}],"author":[{"embeddable":true,"href":"http:\/\/ssp.amu.edu.pl\/de\/wp-json\/wp\/v2\/users\/1"}],"replies":[{"embeddable":true,"href":"http:\/\/ssp.amu.edu.pl\/de\/wp-json\/wp\/v2\/comments?post=21"}],"version-history":[{"count":16,"href":"http:\/\/ssp.amu.edu.pl\/de\/wp-json\/wp\/v2\/pages\/21\/revisions"}],"predecessor-version":[{"id":1313,"href":"http:\/\/ssp.amu.edu.pl\/de\/wp-json\/wp\/v2\/pages\/21\/revisions\/1313"}],"wp:attachment":[{"href":"http:\/\/ssp.amu.edu.pl\/de\/wp-json\/wp\/v2\/media?parent=21"}],"curies":[{"name":"wp","href":"https:\/\/api.w.org\/{rel}","templated":true}]}}