{"id":2,"date":"2013-06-11T06:54:10","date_gmt":"2013-06-11T06:54:10","guid":{"rendered":"http:\/\/wnpid.amu.edu.pl\/~ssp\/?page_id=2"},"modified":"2025-06-13T10:55:19","modified_gmt":"2025-06-13T08:55:19","slug":"przykladowa-strona","status":"publish","type":"page","link":"http:\/\/ssp.amu.edu.pl\/de\/","title":{"rendered":"\u00fcber die Zeitschrift"},"content":{"rendered":"<p><\/p>\n<p style=\"text-align: justify;\">Die wissenschaftliche Fachzeitschrift \u201e\u015arodkowoeuropejskie Studia Polityczne\u201d (\u201eMitteleurop\u00e4ische Politische Studien\u201d) (Vierteljahresschrift) erscheint regelm\u00e4\u00dfig seit 2003. Die Zeitschrift wird vom <a href=\"&quot;http:\/\/wydawnictwo.wnpid.amu.edu.pl\">Wissenschaftlichen Verlag<\/a> der Fakult\u00e4t f\u00fcr politische Wissenschaften und Journalistik der A. Mickiewicz Universit\u00e4t in Pozna\u0144 &#8220;Wydawnictwo Naukowe Wydzia\u0142u Nauk Politycznych i Dziennikarstwa UAM&#8221; herausgegeben.<br \/>\nDie Zeitschrift wird bewertet. Die aktuelle Punktenzahl f\u00fcr einen Artikel betr\u00e4gt: 70.<br \/>\nAlle in der Zeitschrift ver\u00f6ffentlichten Texte werden rezensiert. In der Zeitschrift erscheinen die Artikel und Rezensionen der Forscher aus Polen und aus dem Ausland. Die Artikel werden sowohl auf Polnisch, als auch in der Muttersprache der ausl\u00e4ndischen Autoren ver\u00f6ffentlicht. Jeder Artikel in der polnischen Sprache wird mit der Zusammenfassung auf Englisch, und jeder fremdsprachige Text mit der auf Polnisch versehen.<br \/>\nDie Thematiik der in \u201e\u015arodkowoeuropejskie Studia Polityczne\u201d (\u201eMitteleurop\u00e4ische Politische Studien\u201d) ver\u00f6ffentlichten Artikel betrifft die sehr breit verstandene politologische Problematik, insbesondere die Situation der L\u00e4nder Mittel- und Osteuropas \u2013 sowohl auf dem Gebiet der inneren Angelegenheiten, als auch bez\u00fcglich ihrer internationalen Situation.<\/p>\n<p>Das Team von \u201e\u015arodkowoeuropejskie Studia Polityczne\u201c bekennt sich uneingeschr\u00e4nkt zu guter Ver\u00f6ffentlichungspraxis und \u00fcbernimmt die Verantwortung f\u00fcr die Erf\u00fcllung der Pflichten und Verantwortlichkeiten, wie sie im COPE-Verhaltenskodex festgelegt sind. Die Ver\u00f6ffentlichungsethik und die Erkl\u00e4rung zu Kunstfehlern sind beschrieben in: <a href=\"https:\/\/publicationethics.org\/files\/2008%20Code%20of%20Conduct.pdf\">COPE Code of Conduct<\/a>, <a href=\"https:\/\/publicationethics.org\/files\/u7141\/1999pdf13.pdf\">Guidelines on Good Publication Practice<\/a>, <a href=\"https:\/\/publicationethics.org\/files\/Code_of_conduct_for_journal_editors_Mar11.pdf\">Code of Conduct and Best Practices Guidelines for Journal Editors<\/a><\/p>\n<p>Die Zeitschrift &#8220;\u015arodkowoeuropejskie Studia Polityczne\u201c wird im Open Access unter der Lizenz CC BY 4.0 (Creative Commons &#8211; Namensnennung) ver\u00f6ffentlicht. Open Access wird von Verlag und Redaktion nach den Richtlinien der Budapest Open Access Initiative (BOAI) verstanden.<\/p>\n<p>Themenbereich \u2013 Stichworte:<br \/>\nPolitologie, Wissenschaften \u00fcber Politik, Wissenschften \u00fcber Medien, politische Systeme, Parteisysteme, politische Kultur, politische Ideologien, politisches Kommunizieren, europ\u00e4ische Integration, Mittel-und Osteuropa, politisches Denken, internationale Beziehungen, Europ\u00e4ische Union, lokale Verwaltung<\/p>","protected":false},"excerpt":{"rendered":"<p>Die wissenschaftliche Fachzeitschrift \u201e\u015arodkowoeuropejskie Studia Polityczne\u201d (\u201eMitteleurop\u00e4ische Politische Studien\u201d) (Vierteljahresschrift) erscheint regelm\u00e4\u00dfig seit 2003. Die Zeitschrift wird vom Wissenschaftlichen Verlag der Fakult\u00e4t f\u00fcr politische Wissenschaften und Journalistik der A. Mickiewicz Universit\u00e4t in Pozna\u0144 &#8220;Wydawnictwo Naukowe Wydzia\u0142u Nauk Politycznych i Dziennikarstwa UAM&#8221; herausgegeben. Die Zeitschrift wird bewertet. Die aktuelle Punktenzahl f\u00fcr einen Artikel betr\u00e4gt: 70. Alle [&hellip;]<\/p>\n","protected":false},"author":1,"featured_media":0,"parent":0,"menu_order":0,"comment_status":"closed","ping_status":"closed","template":"","meta":{"footnotes":""},"class_list":["post-2","page","type-page","status-publish","hentry"],"_links":{"self":[{"href":"http:\/\/ssp.amu.edu.pl\/de\/wp-json\/wp\/v2\/pages\/2","targetHints":{"allow":["GET"]}}],"collection":[{"href":"http:\/\/ssp.amu.edu.pl\/de\/wp-json\/wp\/v2\/pages"}],"about":[{"href":"http:\/\/ssp.amu.edu.pl\/de\/wp-json\/wp\/v2\/types\/page"}],"author":[{"embeddable":true,"href":"http:\/\/ssp.amu.edu.pl\/de\/wp-json\/wp\/v2\/users\/1"}],"replies":[{"embeddable":true,"href":"http:\/\/ssp.amu.edu.pl\/de\/wp-json\/wp\/v2\/comments?post=2"}],"version-history":[{"count":59,"href":"http:\/\/ssp.amu.edu.pl\/de\/wp-json\/wp\/v2\/pages\/2\/revisions"}],"predecessor-version":[{"id":1567,"href":"http:\/\/ssp.amu.edu.pl\/de\/wp-json\/wp\/v2\/pages\/2\/revisions\/1567"}],"wp:attachment":[{"href":"http:\/\/ssp.amu.edu.pl\/de\/wp-json\/wp\/v2\/media?parent=2"}],"curies":[{"name":"wp","href":"https:\/\/api.w.org\/{rel}","templated":true}]}}