{"id":15,"date":"2013-06-11T10:50:43","date_gmt":"2013-06-11T08:50:43","guid":{"rendered":"http:\/\/wnpid.amu.edu.pl\/~ssp\/?page_id=15"},"modified":"2022-10-18T22:54:47","modified_gmt":"2022-10-18T20:54:47","slug":"editorial-board","status":"publish","type":"page","link":"http:\/\/ssp.amu.edu.pl\/de\/editorial-board\/","title":{"rendered":"Redaktion"},"content":{"rendered":"<p><strong>Chefredakteur<\/strong><br \/>\nAndrzej Stelmach, A. Mickiewicz Universit\u00e4t in Pozna\u0144<\/p>\n<p><strong>Stellvertretender Chefredakteur<br \/>\n<\/strong>Szymon Ossowski, A. Mickiewicz Universit\u00e4t in Pozna\u0144<\/p>\n<p><strong>Sekr\u00e4ter der Redaktion<br \/>\n<\/strong>Marcin \u0141ukaszewski, A. Mickiewicz Universit\u00e4t in Pozna\u0144<\/p>\n<p><strong>Atellvertretender Sekr\u00e4ter der Redaktion<\/strong><br \/>\nMaria W\u0105sicka, A. Mickiewicz Universit\u00e4t in Pozna\u0144<\/p>\n<p><strong>Redaktionsmitglieder<\/strong><br \/>\nEdward Jeli\u0144ski, A. Mickiewicz Universit\u00e4t in Pozna\u0144<br \/>\nAgnieszka St\u0119pi\u0144ska, A. Mickiewicz Universit\u00e4t in Pozna\u0144<br \/>\nMarek \u017byromski, A. Mickiewicz Universit\u00e4t in Pozna\u0144<\/p>\n<p><strong>Sprachredakteure<br \/>\n<\/strong>Agnieszka Mielczarek, Oleg Mikhailew, Malcolm Czopinski, Thomas Mehlhausenm<\/p>\n<p><strong>Themenredakteure<br \/>\n<\/strong><br \/>\nJanusz Adamowski (Mediensysteme), Universit\u00e4t Warschau<br \/>\nRoman B\u00e4cker (Sprache der Politik),<br \/>\nNikolaus-Kopernikus-Universit\u00e4t Toru\u0144<br \/>\nMaria Marczewska-Rytko (Kommunalverwaltung), Maria-Curie-Sk\u0142odowska-Universit\u00e4t<br \/>\nGrzegorz Piwnicki (nationale Sicherheit), Universit\u00e4t Danzig<br \/>\nRyszard Paradowski (Philosophie der Politik), A. Mickiewicz Universit\u00e4t in Pozna\u0144<br \/>\nJ\u0119drzej Skrzypczak (Journalismus und gesellschaftliche Kommunikation), A. Mickiewicz Universit\u00e4t in Pozna\u0144<br \/>\nJacek Sobczak (politisches Denken, Rechtsphilosophie), Universit\u00e4t f\u00fcr Wirtschafts- und Geisteswissenschaften in Warschau<br \/>\nAlicja St\u0119pie\u0144-Kuczy\u0144ska (internationale Beziehungen), Universit\u00e4t \u0141\u00f3d\u017a<br \/>\nArkadiusz \u017bukowski (politische KulturUniversit\u00e4t Ermland-Masuren<\/p>","protected":false},"excerpt":{"rendered":"<p>Chefredakteur Andrzej Stelmach, A. Mickiewicz Universit\u00e4t in Pozna\u0144 Stellvertretender Chefredakteur Szymon Ossowski, A. Mickiewicz Universit\u00e4t in Pozna\u0144 Sekr\u00e4ter der Redaktion Marcin \u0141ukaszewski, A. Mickiewicz Universit\u00e4t in Pozna\u0144 Atellvertretender Sekr\u00e4ter der Redaktion Maria W\u0105sicka, A. Mickiewicz Universit\u00e4t in Pozna\u0144 Redaktionsmitglieder Edward Jeli\u0144ski, A. Mickiewicz Universit\u00e4t in Pozna\u0144 Agnieszka St\u0119pi\u0144ska, A. Mickiewicz Universit\u00e4t in Pozna\u0144 Marek \u017byromski, [&hellip;]<\/p>\n","protected":false},"author":1,"featured_media":0,"parent":0,"menu_order":0,"comment_status":"closed","ping_status":"open","template":"","meta":{"footnotes":""},"class_list":["post-15","page","type-page","status-publish","hentry"],"_links":{"self":[{"href":"http:\/\/ssp.amu.edu.pl\/de\/wp-json\/wp\/v2\/pages\/15","targetHints":{"allow":["GET"]}}],"collection":[{"href":"http:\/\/ssp.amu.edu.pl\/de\/wp-json\/wp\/v2\/pages"}],"about":[{"href":"http:\/\/ssp.amu.edu.pl\/de\/wp-json\/wp\/v2\/types\/page"}],"author":[{"embeddable":true,"href":"http:\/\/ssp.amu.edu.pl\/de\/wp-json\/wp\/v2\/users\/1"}],"replies":[{"embeddable":true,"href":"http:\/\/ssp.amu.edu.pl\/de\/wp-json\/wp\/v2\/comments?post=15"}],"version-history":[{"count":24,"href":"http:\/\/ssp.amu.edu.pl\/de\/wp-json\/wp\/v2\/pages\/15\/revisions"}],"predecessor-version":[{"id":1319,"href":"http:\/\/ssp.amu.edu.pl\/de\/wp-json\/wp\/v2\/pages\/15\/revisions\/1319"}],"wp:attachment":[{"href":"http:\/\/ssp.amu.edu.pl\/de\/wp-json\/wp\/v2\/media?parent=15"}],"curies":[{"name":"wp","href":"https:\/\/api.w.org\/{rel}","templated":true}]}}