{"id":13,"date":"2013-06-11T10:17:12","date_gmt":"2013-06-11T08:17:12","guid":{"rendered":"http:\/\/wnpid.amu.edu.pl\/~ssp\/?page_id=13"},"modified":"2024-04-08T12:24:10","modified_gmt":"2024-04-08T10:24:10","slug":"for-authors","status":"publish","type":"page","link":"http:\/\/ssp.amu.edu.pl\/de\/for-authors\/","title":{"rendered":"f\u00fcr Autoren"},"content":{"rendered":"<p>Die zum Druck bestimmten Materialien sollen in zwei Exemplaren des normalisierten Manuskripts (30 Zeilen auf einer Seite, je 60 Zeichen in der Zeile, d.h. 1800 Zeichen auf einer Seite) ohne jegliche Hervorhebungen eingereicht werden. Materialien zum Drucken sollten \u00fcber das PRESSTO-System (Plattform offener wissenschaftlicher Zeitschriften der Adam-Mickiewicz-Universit\u00e4t)gesendet werden: <\/p>\n<p>https:\/\/pressto.amu.edu.pl\/index.php\/ssp\/submissions <\/p>\n<p>Die gesamte Texteinreichung erfolgt \u00fcber das PRESSTO-System.<\/p>\n<p>Der Umfang des Artikels mit der Fu\u00dfnote und Bibiographie soll nicht gr\u00f6\u00dfer sein als ein Verlagsbogen (40 tausend Zeichen).<\/p>\n<p>Rezensionen, Polemiken und Informationen sollen die L\u00e4nge eines halben Bogens des normalisierten Manuskripts nicht \u00fcberschreiten.<\/p>\n<p>Der Autor hat keine M\u00f6glichkeit w\u00e4hrend der Redaktionsarbeiten den Text zu bearbeiten; an die Redaktion soll die Endversion des Materials geschickt werden.<\/p>\n<p>&nbsp;<\/p>\n<p>VERARBEITUNGSANFORDERUNGEN<\/p>\n<p>Der Text soll wie folgt formatiert werden:<\/p>\n<p>a. Textbearbeitungsprogramm: Winword, Schriftart Times New Roman, Gr\u00f6\u00dfe 12<br \/>\nb. Abs\u00e4nde zwichen den Zeilen\u2013 1,5<br \/>\nc. Rand 2,5;<br \/>\nd. Vor- u. Nachname des Autors (Schriftart Times New Roman, Gr\u00f6\u00dfe 12, linksb\u00fcndig)<br \/>\ne. Hochschule (SchriftartTimes New Roman, Gr\u00f6\u00dfe12, linksb\u00fcndig)<br \/>\nf. Titel (Schriftart Times New Roman, Gr\u00f6\u00dfe 14, fettes Zeichen, Zentrierung)<br \/>\ng. Untertitel (Schriftart Times New Roman, Gr\u00f6\u00dfe 12, fettes Zeichen, Zentrierung)<br \/>\nh. Zitate sollen im Anf\u00fchrungsstrich platziert werden (ohne Kursivdruck)<br \/>\ni. Der Kursivdruk im Text soll ausschlie\u00dflich f\u00fcr Buchtitel, Artikeltitel, kurze fremdsprachige Wendungen oder Namen verwendet werden<br \/>\nj. Die Zusammenfassung in der polnischen und englischen Sprache (max. 1200 Zeichen)<br \/>\nk. Key words: max. 5 Stichworte<br \/>\nl. biographische Information in der polnischen Sprache (150-200 Zeichen)<\/p>\n<p>FUSSNOTE<\/p>\n<p>In der Bibliographiefu\u00dfnote soll das \u201eOxford\u201d-System verwendet werden, in dem auf die jeweilige, in der Bibliographie platzierte Stelle Bezug genommen wird<br \/>\nDie Verweise sollen in Klammern neben der entsprechenden Information, Meinung, Ansicht in der folgenden Reihenfolge platziert werden (Nachname, Ausgabedatum, Seite), z.B.:<br \/>\n\u2022 (Nowak, 1999, s. 10) \u2013 falls die zu verweisende Arbeit einen Autor hat;<br \/>\n\u2022 (Nowak, Kowalski, 2000, s. 145-150) \u2013 falls die zu verweisende Arbeit zwei oder mehrere Autoren hat;<br \/>\n\u2022 (Inquiry) \u2013 das erste Wort des Titels wird angegeben, wenn auf die Ver\u00f6ffentlichung verwiesen wird, in der die Information \u00fcber den Autor fehlt<br \/>\n\u2022 Teil des Titels (2 oder mehr Worte) der Ver\u00f6ffentlichung wird angegeben, falls sich in der Bibliographie mehrere Titel befinden, die mit gleichen Worten beginnen.<\/p>\n<p>Die erkl\u00e4renden Verweise sollen unten an der Seite platziert werden<\/p>\n<p>BIBLIOGRAPHIE<\/p>\n<p>Die vollst\u00e4ndigen bibliographischen Angaben sollen im Verzeichnis der am Ende des Artikels platzierten Literatur, auf die verwiesen wurde (Bibliographie), angegeben werden. Das Verzeichnis soll alphabetisch nach Nachnamen der Autoren, und falls sich das Herausgabedatum der Ver\u00f6ffentlichung des gleichen Autors wiederholt, nach dem Datum der Werke in der chronologischen Reihenfolge (wobei kleine Buchstaben hinzuf\u00fcgen sind, z.B.: 2003a, 2003b, 2003c), geordnet werden.<br \/>\nBeispiele f\u00fcr die Aufzeichnungen:<br \/>\nBarber B. R. (2003), Strong Democracy Participatory Politics for a New Age, University of California Press, Berkeley-Los Angeles- London.<br \/>\nFriedent L. A. (1998), New Citizenship, \u201eMedia &amp; Society\u201d, vol. 18, nr 2.<br \/>\nInquiry into Democracy. Report (2003), Parliament of Victoria, http:\/\/www.parliament.jhgiutiguigui,html.<br \/>\nKonstytucja Rzeczypospolitej Polskiej z dnia 2 kwietnia 1997 r., Dz. U. 1997, nr 78 poz. 483.<br \/>\nKowalski P. (2008), Rozw\u00f3j cywilizacji, Wydawnictwo ABC, Warszawa.<br \/>\nKrasuski K. (2009), Nowy pomys\u0142 na prywatyzacj\u0119 gie\u0142dy, \u201eRzeczpospolita\u201d z dnia 27.11.2009 r.<br \/>\nMiserez M.-A., Switzerland: a country of politicians, 24.08.2009, Swissinfo.ch, http:\/\/www.swissinfo.ch\/eng\/specials\/switzerland_for_the_record\/world_records\/Switzerland:_a_country_of_politicians.html?cid=669352, 15.10.2012.<br \/>\nNowak R. (1999), W\u0142adza i demokracja, [w:] Demokracja i w\u0142adza, red. J. Kowalski, Wydawnictwo XYZ, Warszawa.<br \/>\nRybi\u0144ska A. \u201eNie\u201d dla rozbrojenia narodu, 14.02.2011, \u201eRzeczpospolita\u201d, http:\/\/www.rp.pl\/artykul\/611851_-Nie&#8211;dla-rozbrojenia-narodu.html. 15.10.2012.<\/p>\n<p>TABELLEN, SCHAUBILDER UND ZEICHNUNGEN<\/p>\n<p>Alle Schaubilder, Zeichnungen, Tabellen, usw. sollen beschrieben werden, indem der Titel angegeben (Times New Roman, bold, 10) und auf die Quelle verwiesen wird (Times New Roman, 10). Der Titel soll \u00fcber, und die Information \u00fcber die Quelle unter den dargestellten Schaubildern, Tabellen oder Zeichnungen platziert werden.<\/p>\n<p>Dem Text sollen die Informationen \u00fcber den Autor hinzugef\u00fcgt werden:<br \/>\na. vollst\u00e4ndiger Vor- und Nachname<br \/>\nb. wissenschafter Grad und Titel<br \/>\nc. genaue Anschrift, mit der Telefonnummer und E-Mail<\/p>\n<p>Die Autoren aller Materialien (Artikel, Rezensionen, Polemiken, Informationen) sind verpflichtet, im PRESSTO-System eine Erkl\u00e4rung \u00fcber die \u00dcbertragung des Urheberrechts an der Ver\u00f6ffentlichung, \u00fcber die unabh\u00e4ngige Erstellung des Textes und seine Originalit\u00e4t zu akzeptieren.<\/p>","protected":false},"excerpt":{"rendered":"<p>Die zum Druck bestimmten Materialien sollen in zwei Exemplaren des normalisierten Manuskripts (30 Zeilen auf einer Seite, je 60 Zeichen in der Zeile, d.h. 1800 Zeichen auf einer Seite) ohne jegliche Hervorhebungen eingereicht werden. Materialien zum Drucken sollten \u00fcber das PRESSTO-System (Plattform offener wissenschaftlicher Zeitschriften der Adam-Mickiewicz-Universit\u00e4t)gesendet werden: https:\/\/pressto.amu.edu.pl\/index.php\/ssp\/submissions Die gesamte Texteinreichung erfolgt \u00fcber das [&hellip;]<\/p>\n","protected":false},"author":1,"featured_media":0,"parent":0,"menu_order":0,"comment_status":"closed","ping_status":"open","template":"","meta":{"footnotes":""},"class_list":["post-13","page","type-page","status-publish","hentry"],"_links":{"self":[{"href":"http:\/\/ssp.amu.edu.pl\/de\/wp-json\/wp\/v2\/pages\/13","targetHints":{"allow":["GET"]}}],"collection":[{"href":"http:\/\/ssp.amu.edu.pl\/de\/wp-json\/wp\/v2\/pages"}],"about":[{"href":"http:\/\/ssp.amu.edu.pl\/de\/wp-json\/wp\/v2\/types\/page"}],"author":[{"embeddable":true,"href":"http:\/\/ssp.amu.edu.pl\/de\/wp-json\/wp\/v2\/users\/1"}],"replies":[{"embeddable":true,"href":"http:\/\/ssp.amu.edu.pl\/de\/wp-json\/wp\/v2\/comments?post=13"}],"version-history":[{"count":21,"href":"http:\/\/ssp.amu.edu.pl\/de\/wp-json\/wp\/v2\/pages\/13\/revisions"}],"predecessor-version":[{"id":1436,"href":"http:\/\/ssp.amu.edu.pl\/de\/wp-json\/wp\/v2\/pages\/13\/revisions\/1436"}],"wp:attachment":[{"href":"http:\/\/ssp.amu.edu.pl\/de\/wp-json\/wp\/v2\/media?parent=13"}],"curies":[{"name":"wp","href":"https:\/\/api.w.org\/{rel}","templated":true}]}}